{"id":3715,"date":"2024-07-15T22:36:38","date_gmt":"2024-07-15T22:36:38","guid":{"rendered":"https:\/\/antoniatrujillopedagoga.com\/?page_id=3715"},"modified":"2024-08-29T08:23:33","modified_gmt":"2024-08-29T08:23:33","slug":"declaracion-de-accesibilidad","status":"publish","type":"page","link":"https:\/\/antoniatrujillopedagoga.com\/index.php\/declaracion-de-accesibilidad\/","title":{"rendered":"Declaraci\u00f3n de Accesibilidad"},"content":{"rendered":"\t\t<div data-elementor-type=\"wp-page\" data-elementor-id=\"3715\" class=\"elementor elementor-3715\" data-elementor-post-type=\"page\">\n\t\t\t\t<div class=\"elementor-element elementor-element-48a4eec e-flex e-con-boxed e-con e-parent\" data-id=\"48a4eec\" data-element_type=\"container\">\n\t\t\t\t\t<div class=\"e-con-inner\">\n\t\t\t\t<div class=\"elementor-element elementor-element-f55f11a elementor-widget elementor-widget-text-editor\" data-id=\"f55f11a\" data-element_type=\"widget\" data-widget_type=\"text-editor.default\">\n\t\t\t\t<div class=\"elementor-widget-container\">\n\t\t\t\t\t\t\t<h2>Caracter\u00edsticas de Accesibilidad<\/h2><p>En antoniatrujillopedagoga trabajamos de forma continua para garantizar un acceso universal a nuestra Web, con el objetivo de que todas las personas, con independencia de su edad, discapacidad o cualesquiera otras circunstancias personales, puedan navegar por las p\u00e1ginas del dominio antoniatrujillopedagoga.com sin encontrar dificultades de acceso.<\/p><p>Los criterios adoptados para conseguir una mayor accesibilidad de la Web de antoniatrujillopedagoga se basan en las directrices WCAG\/WAI fijadas por el World Wide Web Consortium (W3C), que es la organizaci\u00f3n de car\u00e1cter supranacional que se encarga de la supervisi\u00f3n de las tecnolog\u00edas y la adopci\u00f3n de los est\u00e1ndares de Internet. En este sentido, el desarrollo de la Web de antoniatrujillopedagoga se ha basado en el cumplimiento de las Pautas de accesibilidad para el Contenido en la web de la WCAG 2.1 del W3C-WAI en su nivel de exigencia AA. antoniatrujillopedagoga se ha encargado de realizar una auditor\u00eda de accesibilidad seg\u00fan los requisitos de las WCAG 2.1 en su nivel AA.<\/p><p>La presente declaraci\u00f3n de accesibilidad se aplica al sitio web <a href=\"http:\/\/www.antoniatrujillopedagoga.com\" target=\"_new\" rel=\"noopener\">www.antoniatrujillopedagoga.com<\/a>, excluyendo los contenidos incrustados provenientes de otros dominios.<\/p><p>Situaci\u00f3n actual El sitio web <a href=\"http:\/\/www.antoniatrujillopedagoga.com\" target=\"_new\" rel=\"noopener\">www.antoniatrujillopedagoga.com<\/a> ha sido certificado con la Certificaci\u00f3n antoniatrujillopedagoga AA seg\u00fan los requisitos de las WCAG 2.1 en su nivel AA.<\/p><p>Algunas de las funcionalidades implementadas en el sitio web <a href=\"http:\/\/www.antoniatrujillopedagoga.com\" target=\"_new\" rel=\"noopener\">www.antoniatrujillopedagoga.com<\/a>, para permitir una mayor accesibilidad a sus contenidos son:<\/p><p>Las caracter\u00edsticas visuales del portal (tipo de letra, color de fuente y fondo, etc.) se definen mediante la hoja de estilos para que el usuario pueda ajustar el texto a sus preferencias. Los tama\u00f1os de las fuentes se han definido con unidades relativas para que pueda ampliar o disminuir el tama\u00f1o de la fuente desde las opciones del navegador. Si un usuario accede a la p\u00e1gina con un navegador que no soporta hoja de estilos, no supondr\u00e1 una dificultad, ya que de igual manera se puede acceder a todos los contenidos con la CSS desactivada. Las p\u00e1ginas tienen una estructura clara tanto para el usuario que puede ver todo el contenido, como para el que lee la informaci\u00f3n con un lector de pantalla, usuarios que desactivan la hoja de estilos, etc. Bajo este objetivo, se han definido mediante el c\u00f3digo HTML los encabezados de secci\u00f3n, las listas y todos los elementos que ayudan a la comprensi\u00f3n general del sitio web. El c\u00f3digo HTML y CSS empleado se ajusta a las gram\u00e1ticas formales para garantizar la correcta visualizaci\u00f3n de los contenidos en distintos navegadores.<\/p><p>A continuaci\u00f3n, se explica c\u00f3mo utilizar estas funciones:<\/p><h3>Escala de Grises<\/h3><p>La funci\u00f3n de escala de grises convierte todos los colores del sitio web a tonos de gris. Esto puede ayudar a las personas con daltonismo o con dificultades para distinguir colores.<\/p><ul><li><strong>C\u00f3mo Activar la Escala de Grises<\/strong>:<ol><li>Dir\u00edgete a la parte superior izquierda de la p\u00e1gina.<\/li><li>Haz clic en el icono de accesibilidad (o el bot\u00f3n \u00abAccesibilidad\u00bb).<\/li><li>Selecciona la opci\u00f3n \u00abEscala de Grises\u00bb del men\u00fa desplegable.<\/li><li>El sitio web se actualizar\u00e1 autom\u00e1ticamente para mostrar todo el contenido en escala de grises.<\/li><\/ol><\/li><\/ul><h3>Subrayar Enlaces<\/h3><p>La opci\u00f3n de subrayar enlaces facilita la identificaci\u00f3n de los enlaces en el contenido del sitio web. Esta funci\u00f3n es \u00fatil para personas con discapacidades visuales o dificultades de percepci\u00f3n.<\/p><ul><li><strong>C\u00f3mo Activar el Subrayado de Enlaces<\/strong>:<ol><li>Dir\u00edgete a la parte superior izquierda de la p\u00e1gina.<\/li><li>Haz clic en el icono de accesibilidad (o el bot\u00f3n \u00abAccesibilidad\u00bb).<\/li><li>Selecciona la opci\u00f3n \u00abSubrayar Enlaces\u00bb del men\u00fa desplegable.<\/li><li>Todos los enlaces en el sitio web se mostrar\u00e1n subrayados, haci\u00e9ndolos m\u00e1s visibles.<\/li><\/ol><\/li><\/ul><h3>Fuente Legible<\/h3><p>La opci\u00f3n de fuente legible ajusta el tipo de letra del sitio web a una fuente m\u00e1s clara y f\u00e1cil de leer. Esto puede ayudar a personas con dislexia u otras dificultades de lectura.<\/p><ul><li><strong>C\u00f3mo Activar la Fuente Legible<\/strong>:<ol><li>Dir\u00edgete a la parte superior izquierda de la p\u00e1gina.<\/li><li>Haz clic en el icono de accesibilidad (o el bot\u00f3n \u00abAccesibilidad\u00bb).<\/li><li>Selecciona la opci\u00f3n \u00abFuente Legible\u00bb del men\u00fa desplegable.<\/li><li>El sitio web se actualizar\u00e1 con una fuente que es m\u00e1s f\u00e1cil de leer para todos los usuarios.<\/li><\/ol><\/li><\/ul><p>.<\/p>\t\t\t\t\t\t<\/div>\n\t\t\t\t<\/div>\n\t\t\t\t\t<\/div>\n\t\t\t\t<\/div>\n\t\t\t\t<\/div>\n\t\t","protected":false},"excerpt":{"rendered":"<p>Caracter\u00edsticas de Accesibilidad En antoniatrujillopedagoga trabajamos de forma continua para garantizar un acceso universal a nuestra Web, con el objetivo de que todas las personas, con independencia de su edad, discapacidad o cualesquiera otras circunstancias personales, puedan navegar por las p\u00e1ginas del dominio antoniatrujillopedagoga.com sin encontrar dificultades de acceso. Los criterios adoptados para conseguir una&hellip;<\/p>\n","protected":false},"author":3,"featured_media":0,"parent":0,"menu_order":0,"comment_status":"closed","ping_status":"closed","template":"","meta":{"footnotes":""},"class_list":["post-3715","page","type-page","status-publish","hentry"],"yoast_head":"<!-- This site is optimized with the Yoast SEO plugin v23.0 - https:\/\/yoast.com\/wordpress\/plugins\/seo\/ -->\n<title>Declaraci\u00f3n de Accesibilidad - Centro Emociones<\/title>\n<meta name=\"robots\" content=\"index, follow, max-snippet:-1, max-image-preview:large, max-video-preview:-1\" \/>\n<link rel=\"canonical\" href=\"https:\/\/antoniatrujillopedagoga.com\/index.php\/declaracion-de-accesibilidad\/\" \/>\n<meta property=\"og:locale\" content=\"es_ES\" \/>\n<meta property=\"og:type\" content=\"article\" \/>\n<meta property=\"og:title\" content=\"Declaraci\u00f3n de Accesibilidad - Centro Emociones\" \/>\n<meta property=\"og:description\" content=\"Caracter\u00edsticas de Accesibilidad En antoniatrujillopedagoga trabajamos de forma continua para garantizar un acceso universal a nuestra Web, con el objetivo de que todas las personas, con independencia de su edad, discapacidad o cualesquiera otras circunstancias personales, puedan navegar por las p\u00e1ginas del dominio antoniatrujillopedagoga.com sin encontrar dificultades de acceso. Los criterios adoptados para conseguir una&hellip;\" \/>\n<meta property=\"og:url\" content=\"https:\/\/antoniatrujillopedagoga.com\/index.php\/declaracion-de-accesibilidad\/\" \/>\n<meta property=\"og:site_name\" content=\"Centro Emociones\" \/>\n<meta property=\"article:modified_time\" content=\"2024-08-29T08:23:33+00:00\" \/>\n<meta name=\"twitter:card\" content=\"summary_large_image\" \/>\n<meta name=\"twitter:label1\" content=\"Tiempo de lectura\" \/>\n\t<meta name=\"twitter:data1\" content=\"4 minutos\" \/>\n<script type=\"application\/ld+json\" class=\"yoast-schema-graph\">{\"@context\":\"https:\/\/schema.org\",\"@graph\":[{\"@type\":\"WebPage\",\"@id\":\"https:\/\/antoniatrujillopedagoga.com\/index.php\/declaracion-de-accesibilidad\/\",\"url\":\"https:\/\/antoniatrujillopedagoga.com\/index.php\/declaracion-de-accesibilidad\/\",\"name\":\"Declaraci\u00f3n de Accesibilidad - Centro Emociones\",\"isPartOf\":{\"@id\":\"https:\/\/antoniatrujillopedagoga.com\/#website\"},\"datePublished\":\"2024-07-15T22:36:38+00:00\",\"dateModified\":\"2024-08-29T08:23:33+00:00\",\"breadcrumb\":{\"@id\":\"https:\/\/antoniatrujillopedagoga.com\/index.php\/declaracion-de-accesibilidad\/#breadcrumb\"},\"inLanguage\":\"es\",\"potentialAction\":[{\"@type\":\"ReadAction\",\"target\":[\"https:\/\/antoniatrujillopedagoga.com\/index.php\/declaracion-de-accesibilidad\/\"]}]},{\"@type\":\"BreadcrumbList\",\"@id\":\"https:\/\/antoniatrujillopedagoga.com\/index.php\/declaracion-de-accesibilidad\/#breadcrumb\",\"itemListElement\":[{\"@type\":\"ListItem\",\"position\":1,\"name\":\"Portada\",\"item\":\"https:\/\/antoniatrujillopedagoga.com\/\"},{\"@type\":\"ListItem\",\"position\":2,\"name\":\"Declaraci\u00f3n de Accesibilidad\"}]},{\"@type\":\"WebSite\",\"@id\":\"https:\/\/antoniatrujillopedagoga.com\/#website\",\"url\":\"https:\/\/antoniatrujillopedagoga.com\/\",\"name\":\"Centro Emociones\",\"description\":\"\",\"publisher\":{\"@id\":\"https:\/\/antoniatrujillopedagoga.com\/#organization\"},\"potentialAction\":[{\"@type\":\"SearchAction\",\"target\":{\"@type\":\"EntryPoint\",\"urlTemplate\":\"https:\/\/antoniatrujillopedagoga.com\/?s={search_term_string}\"},\"query-input\":\"required name=search_term_string\"}],\"inLanguage\":\"es\"},{\"@type\":\"Organization\",\"@id\":\"https:\/\/antoniatrujillopedagoga.com\/#organization\",\"name\":\"Centro Emociones\",\"url\":\"https:\/\/antoniatrujillopedagoga.com\/\",\"logo\":{\"@type\":\"ImageObject\",\"inLanguage\":\"es\",\"@id\":\"https:\/\/antoniatrujillopedagoga.com\/#\/schema\/logo\/image\/\",\"url\":\"https:\/\/antoniatrujillopedagoga.com\/wp-content\/uploads\/2024\/05\/logo-blanco-cabecera.png\",\"contentUrl\":\"https:\/\/antoniatrujillopedagoga.com\/wp-content\/uploads\/2024\/05\/logo-blanco-cabecera.png\",\"width\":221,\"height\":35,\"caption\":\"Centro Emociones\"},\"image\":{\"@id\":\"https:\/\/antoniatrujillopedagoga.com\/#\/schema\/logo\/image\/\"}}]}<\/script>\n<!-- \/ Yoast SEO plugin. -->","yoast_head_json":{"title":"Declaraci\u00f3n de Accesibilidad - Centro Emociones","robots":{"index":"index","follow":"follow","max-snippet":"max-snippet:-1","max-image-preview":"max-image-preview:large","max-video-preview":"max-video-preview:-1"},"canonical":"https:\/\/antoniatrujillopedagoga.com\/index.php\/declaracion-de-accesibilidad\/","og_locale":"es_ES","og_type":"article","og_title":"Declaraci\u00f3n de Accesibilidad - Centro Emociones","og_description":"Caracter\u00edsticas de Accesibilidad En antoniatrujillopedagoga trabajamos de forma continua para garantizar un acceso universal a nuestra Web, con el objetivo de que todas las personas, con independencia de su edad, discapacidad o cualesquiera otras circunstancias personales, puedan navegar por las p\u00e1ginas del dominio antoniatrujillopedagoga.com sin encontrar dificultades de acceso. Los criterios adoptados para conseguir una&hellip;","og_url":"https:\/\/antoniatrujillopedagoga.com\/index.php\/declaracion-de-accesibilidad\/","og_site_name":"Centro Emociones","article_modified_time":"2024-08-29T08:23:33+00:00","twitter_card":"summary_large_image","twitter_misc":{"Tiempo de lectura":"4 minutos"},"schema":{"@context":"https:\/\/schema.org","@graph":[{"@type":"WebPage","@id":"https:\/\/antoniatrujillopedagoga.com\/index.php\/declaracion-de-accesibilidad\/","url":"https:\/\/antoniatrujillopedagoga.com\/index.php\/declaracion-de-accesibilidad\/","name":"Declaraci\u00f3n de Accesibilidad - Centro Emociones","isPartOf":{"@id":"https:\/\/antoniatrujillopedagoga.com\/#website"},"datePublished":"2024-07-15T22:36:38+00:00","dateModified":"2024-08-29T08:23:33+00:00","breadcrumb":{"@id":"https:\/\/antoniatrujillopedagoga.com\/index.php\/declaracion-de-accesibilidad\/#breadcrumb"},"inLanguage":"es","potentialAction":[{"@type":"ReadAction","target":["https:\/\/antoniatrujillopedagoga.com\/index.php\/declaracion-de-accesibilidad\/"]}]},{"@type":"BreadcrumbList","@id":"https:\/\/antoniatrujillopedagoga.com\/index.php\/declaracion-de-accesibilidad\/#breadcrumb","itemListElement":[{"@type":"ListItem","position":1,"name":"Portada","item":"https:\/\/antoniatrujillopedagoga.com\/"},{"@type":"ListItem","position":2,"name":"Declaraci\u00f3n de Accesibilidad"}]},{"@type":"WebSite","@id":"https:\/\/antoniatrujillopedagoga.com\/#website","url":"https:\/\/antoniatrujillopedagoga.com\/","name":"Centro Emociones","description":"","publisher":{"@id":"https:\/\/antoniatrujillopedagoga.com\/#organization"},"potentialAction":[{"@type":"SearchAction","target":{"@type":"EntryPoint","urlTemplate":"https:\/\/antoniatrujillopedagoga.com\/?s={search_term_string}"},"query-input":"required name=search_term_string"}],"inLanguage":"es"},{"@type":"Organization","@id":"https:\/\/antoniatrujillopedagoga.com\/#organization","name":"Centro Emociones","url":"https:\/\/antoniatrujillopedagoga.com\/","logo":{"@type":"ImageObject","inLanguage":"es","@id":"https:\/\/antoniatrujillopedagoga.com\/#\/schema\/logo\/image\/","url":"https:\/\/antoniatrujillopedagoga.com\/wp-content\/uploads\/2024\/05\/logo-blanco-cabecera.png","contentUrl":"https:\/\/antoniatrujillopedagoga.com\/wp-content\/uploads\/2024\/05\/logo-blanco-cabecera.png","width":221,"height":35,"caption":"Centro Emociones"},"image":{"@id":"https:\/\/antoniatrujillopedagoga.com\/#\/schema\/logo\/image\/"}}]}},"_links":{"self":[{"href":"https:\/\/antoniatrujillopedagoga.com\/index.php\/wp-json\/wp\/v2\/pages\/3715","targetHints":{"allow":["GET"]}}],"collection":[{"href":"https:\/\/antoniatrujillopedagoga.com\/index.php\/wp-json\/wp\/v2\/pages"}],"about":[{"href":"https:\/\/antoniatrujillopedagoga.com\/index.php\/wp-json\/wp\/v2\/types\/page"}],"author":[{"embeddable":true,"href":"https:\/\/antoniatrujillopedagoga.com\/index.php\/wp-json\/wp\/v2\/users\/3"}],"replies":[{"embeddable":true,"href":"https:\/\/antoniatrujillopedagoga.com\/index.php\/wp-json\/wp\/v2\/comments?post=3715"}],"version-history":[{"count":7,"href":"https:\/\/antoniatrujillopedagoga.com\/index.php\/wp-json\/wp\/v2\/pages\/3715\/revisions"}],"predecessor-version":[{"id":3731,"href":"https:\/\/antoniatrujillopedagoga.com\/index.php\/wp-json\/wp\/v2\/pages\/3715\/revisions\/3731"}],"wp:attachment":[{"href":"https:\/\/antoniatrujillopedagoga.com\/index.php\/wp-json\/wp\/v2\/media?parent=3715"}],"curies":[{"name":"wp","href":"https:\/\/api.w.org\/{rel}","templated":true}]}}