{"id":3535,"date":"2024-07-10T16:05:29","date_gmt":"2024-07-10T16:05:29","guid":{"rendered":"https:\/\/antoniatrujillopedagoga.com\/?page_id=3535"},"modified":"2024-07-10T16:36:22","modified_gmt":"2024-07-10T16:36:22","slug":"politica-de-cookies","status":"publish","type":"page","link":"https:\/\/antoniatrujillopedagoga.com\/index.php\/politica-de-cookies\/","title":{"rendered":"Pol\u00edtica de cookies"},"content":{"rendered":"\t\t<div data-elementor-type=\"wp-page\" data-elementor-id=\"3535\" class=\"elementor elementor-3535\" data-elementor-post-type=\"page\">\n\t\t\t\t<div class=\"elementor-element elementor-element-65dd789 e-flex e-con-boxed e-con e-parent\" data-id=\"65dd789\" data-element_type=\"container\">\n\t\t\t\t\t<div class=\"e-con-inner\">\n\t\t\t\t<div class=\"elementor-element elementor-element-61c3535 elementor-widget elementor-widget-text-editor\" data-id=\"61c3535\" data-element_type=\"widget\" data-widget_type=\"text-editor.default\">\n\t\t\t\t<div class=\"elementor-widget-container\">\n\t\t\t\t\t\t\t<p>Pol\u00edtica de cookies<br>La presente pol\u00edtica de cookies tiene por finalidad informarle de manera clara y precisa sobre las cookies que se utilizan en la p\u00e1gina web de Ikasbila Centro Psicopedag\u00f3gico y de Atenci\u00f3n Temprana.<\/p>\n<p>\u00bfQu\u00e9 son las cookies?<\/p>\n<p>Una cookie es un peque\u00f1o fragmento de texto que los sitios web que visita env\u00edan al navegador y que permite que el sitio web recuerde informaci\u00f3n sobre su visita, como su idioma preferido y otras opciones, con el fin de facilitar su pr\u00f3xima visita y hacer que el sitio le resulte m\u00e1s \u00fatil. Las cookies desempe\u00f1an un papel muy importante y contribuyen a tener una mejor experiencia de navegaci\u00f3n para el usuario.<\/p>\n<p>Tipos de cookies<\/p>\n<p>Seg\u00fan qui\u00e9n sea la entidad que gestione el dominio desde d\u00f3nde se env\u00edan las cookies y se traten los datos que se obtengan, se pueden distinguir dos tipos: cookies propias y cookies de terceros.<\/p>\n<p>Existe tambi\u00e9n una segunda clasificaci\u00f3n seg\u00fan el plazo de tiempo que permanecen almacenadas en el navegador del cliente, pudiendo tratarse de cookies de sesi\u00f3n o cookies persistentes.<\/p>\n<p>Por \u00faltimo, existe otra clasificaci\u00f3n con cinco tipos de cookies seg\u00fan la finalidad para la que se traten los datos obtenidos: cookies t\u00e9cnicas, cookies de personalizaci\u00f3n, cookies de an\u00e1lisis, cookies publicitarias y cookies de publicidad comportamental.<\/p>\n<p>Para m\u00e1s informaci\u00f3n a este respecto puede consultar la Gu\u00eda sobre el uso de las cookies de la Agencia Espa\u00f1ola de Protecci\u00f3n de Datos.<\/p>\n<p>Cookies utilizadas en la web<\/p>\n<p>A continuaci\u00f3n se identifican las cookies que est\u00e1n siendo utilizadas en este portal as\u00ed como su tipolog\u00eda y funci\u00f3n:<\/p>\n<p>La p\u00e1gina web de Ikasbila Centro Psicopedag\u00f3gico y de Atenci\u00f3n Temprana utiliza Google Analytics, un servicio de anal\u00edtica web desarrollada por Google, que permite la medici\u00f3n y an\u00e1lisis de la navegaci\u00f3n en las p\u00e1ginas web. En su navegador podr\u00e1 observar cookies de este servicio. Seg\u00fan la tipolog\u00eda anterior se trata de cookies propias, de sesi\u00f3n y de an\u00e1lisis.<\/p>\n<p>A trav\u00e9s de la anal\u00edtica web se obtiene informaci\u00f3n relativa al n\u00famero de usuarios que acceden a la web, el n\u00famero de p\u00e1ginas vistas, la frecuencia y repetici\u00f3n de las visitas, su duraci\u00f3n, el navegador utilizado, el operador que presta el servicio, el idioma, el terminal que utiliza y la ciudad a la que est\u00e1 asignada su direcci\u00f3n IP. Informaci\u00f3n que posibilita un mejor y m\u00e1s apropiado servicio por parte de este portal.<\/p>\n<p>Para garantizar el anonimato, Google convertir\u00e1 su informaci\u00f3n en an\u00f3nima truncando la direcci\u00f3n IP antes de almacenarla, de forma que Google Analytics no se usa para localizar o recabar informaci\u00f3n personal identificable de los visitantes del sitio. Google solo podr\u00e1 enviar la informaci\u00f3n recabada por Google Analytics a terceros cuanto est\u00e9 legalmente obligado a ello. Con arreglo a las condiciones de prestaci\u00f3n del servicio de Google Analytics, Google no asociar\u00e1 su direcci\u00f3n IP a ning\u00fan otro dato conservado por Google.<\/p>\n<p>Otra de las cookies que se descargan es una cookie de tipo t\u00e9cnico denominada JSESSIONID. Esta cookie permite almacenar un identificador \u00fanico por sesi\u00f3n a trav\u00e9s del que es posible vincular datos necesarios para posibilitar la navegaci\u00f3n en curso.<\/p>\n<p>Por \u00faltimo, se descarga una cookie denominada show_cookies, propia, de tipo t\u00e9cnico y de sesi\u00f3n. Gestiona el consentimiento del usuario para el uso de las cookies en la p\u00e1gina web, con el objeto de recordar aquellos usuarios que las han aceptado y aquellos que no, de modo que a los primeros no se les muestre informaci\u00f3n en la parte superior de la p\u00e1gina al respecto.<\/p>\n<p>Aceptaci\u00f3n de la pol\u00edtica de cookies<\/p>\n<p>Pulsando el bot\u00f3n Entendido se asume que usted acepta el uso de cookies.<\/p>\n<p>C\u00f3mo modificar la configuraci\u00f3n de las cookies<\/p>\n<p>Usted puede restringir, bloquear o borrar las cookies de Ikasbila Centro Psicopedag\u00f3gico y de Atenci\u00f3n Temprana o cualquier otra p\u00e1gina web utilizando su navegador. En cada navegador la operativa es diferente, la funci\u00f3n de \u00abAyuda\u00bb le mostrar\u00e1 c\u00f3mo hacerlo.<\/p>\t\t\t\t\t\t<\/div>\n\t\t\t\t<\/div>\n\t\t\t\t\t<\/div>\n\t\t\t\t<\/div>\n\t\t\t\t<\/div>\n\t\t","protected":false},"excerpt":{"rendered":"<p>Pol\u00edtica de cookiesLa presente pol\u00edtica de cookies tiene por finalidad informarle de manera clara y precisa sobre las cookies que se utilizan en la p\u00e1gina web de Ikasbila Centro Psicopedag\u00f3gico y de Atenci\u00f3n Temprana. \u00bfQu\u00e9 son las cookies? Una cookie es un peque\u00f1o fragmento de texto que los sitios web que visita env\u00edan al navegador&hellip;<\/p>\n","protected":false},"author":2,"featured_media":0,"parent":0,"menu_order":0,"comment_status":"closed","ping_status":"closed","template":"","meta":{"footnotes":""},"class_list":["post-3535","page","type-page","status-publish","hentry"],"yoast_head":"<!-- This site is optimized with the Yoast SEO plugin v23.0 - https:\/\/yoast.com\/wordpress\/plugins\/seo\/ -->\n<title>Pol\u00edtica de cookies - Centro Emociones<\/title>\n<meta name=\"robots\" content=\"index, follow, max-snippet:-1, max-image-preview:large, max-video-preview:-1\" \/>\n<link rel=\"canonical\" href=\"https:\/\/antoniatrujillopedagoga.com\/index.php\/politica-de-cookies\/\" \/>\n<meta property=\"og:locale\" content=\"es_ES\" \/>\n<meta property=\"og:type\" content=\"article\" \/>\n<meta property=\"og:title\" content=\"Pol\u00edtica de cookies - Centro Emociones\" \/>\n<meta property=\"og:description\" content=\"Pol\u00edtica de cookiesLa presente pol\u00edtica de cookies tiene por finalidad informarle de manera clara y precisa sobre las cookies que se utilizan en la p\u00e1gina web de Ikasbila Centro Psicopedag\u00f3gico y de Atenci\u00f3n Temprana. \u00bfQu\u00e9 son las cookies? Una cookie es un peque\u00f1o fragmento de texto que los sitios web que visita env\u00edan al navegador&hellip;\" \/>\n<meta property=\"og:url\" content=\"https:\/\/antoniatrujillopedagoga.com\/index.php\/politica-de-cookies\/\" \/>\n<meta property=\"og:site_name\" content=\"Centro Emociones\" \/>\n<meta property=\"article:modified_time\" content=\"2024-07-10T16:36:22+00:00\" \/>\n<meta name=\"twitter:card\" content=\"summary_large_image\" \/>\n<meta name=\"twitter:label1\" content=\"Tiempo de lectura\" \/>\n\t<meta name=\"twitter:data1\" content=\"4 minutos\" \/>\n<script type=\"application\/ld+json\" class=\"yoast-schema-graph\">{\"@context\":\"https:\/\/schema.org\",\"@graph\":[{\"@type\":\"WebPage\",\"@id\":\"https:\/\/antoniatrujillopedagoga.com\/index.php\/politica-de-cookies\/\",\"url\":\"https:\/\/antoniatrujillopedagoga.com\/index.php\/politica-de-cookies\/\",\"name\":\"Pol\u00edtica de cookies - Centro Emociones\",\"isPartOf\":{\"@id\":\"https:\/\/antoniatrujillopedagoga.com\/#website\"},\"datePublished\":\"2024-07-10T16:05:29+00:00\",\"dateModified\":\"2024-07-10T16:36:22+00:00\",\"breadcrumb\":{\"@id\":\"https:\/\/antoniatrujillopedagoga.com\/index.php\/politica-de-cookies\/#breadcrumb\"},\"inLanguage\":\"es\",\"potentialAction\":[{\"@type\":\"ReadAction\",\"target\":[\"https:\/\/antoniatrujillopedagoga.com\/index.php\/politica-de-cookies\/\"]}]},{\"@type\":\"BreadcrumbList\",\"@id\":\"https:\/\/antoniatrujillopedagoga.com\/index.php\/politica-de-cookies\/#breadcrumb\",\"itemListElement\":[{\"@type\":\"ListItem\",\"position\":1,\"name\":\"Portada\",\"item\":\"https:\/\/antoniatrujillopedagoga.com\/\"},{\"@type\":\"ListItem\",\"position\":2,\"name\":\"Pol\u00edtica de cookies\"}]},{\"@type\":\"WebSite\",\"@id\":\"https:\/\/antoniatrujillopedagoga.com\/#website\",\"url\":\"https:\/\/antoniatrujillopedagoga.com\/\",\"name\":\"Centro Emociones\",\"description\":\"\",\"publisher\":{\"@id\":\"https:\/\/antoniatrujillopedagoga.com\/#organization\"},\"potentialAction\":[{\"@type\":\"SearchAction\",\"target\":{\"@type\":\"EntryPoint\",\"urlTemplate\":\"https:\/\/antoniatrujillopedagoga.com\/?s={search_term_string}\"},\"query-input\":\"required name=search_term_string\"}],\"inLanguage\":\"es\"},{\"@type\":\"Organization\",\"@id\":\"https:\/\/antoniatrujillopedagoga.com\/#organization\",\"name\":\"Centro Emociones\",\"url\":\"https:\/\/antoniatrujillopedagoga.com\/\",\"logo\":{\"@type\":\"ImageObject\",\"inLanguage\":\"es\",\"@id\":\"https:\/\/antoniatrujillopedagoga.com\/#\/schema\/logo\/image\/\",\"url\":\"https:\/\/antoniatrujillopedagoga.com\/wp-content\/uploads\/2024\/05\/logo-blanco-cabecera.png\",\"contentUrl\":\"https:\/\/antoniatrujillopedagoga.com\/wp-content\/uploads\/2024\/05\/logo-blanco-cabecera.png\",\"width\":221,\"height\":35,\"caption\":\"Centro Emociones\"},\"image\":{\"@id\":\"https:\/\/antoniatrujillopedagoga.com\/#\/schema\/logo\/image\/\"}}]}<\/script>\n<!-- \/ Yoast SEO plugin. -->","yoast_head_json":{"title":"Pol\u00edtica de cookies - Centro Emociones","robots":{"index":"index","follow":"follow","max-snippet":"max-snippet:-1","max-image-preview":"max-image-preview:large","max-video-preview":"max-video-preview:-1"},"canonical":"https:\/\/antoniatrujillopedagoga.com\/index.php\/politica-de-cookies\/","og_locale":"es_ES","og_type":"article","og_title":"Pol\u00edtica de cookies - Centro Emociones","og_description":"Pol\u00edtica de cookiesLa presente pol\u00edtica de cookies tiene por finalidad informarle de manera clara y precisa sobre las cookies que se utilizan en la p\u00e1gina web de Ikasbila Centro Psicopedag\u00f3gico y de Atenci\u00f3n Temprana. \u00bfQu\u00e9 son las cookies? Una cookie es un peque\u00f1o fragmento de texto que los sitios web que visita env\u00edan al navegador&hellip;","og_url":"https:\/\/antoniatrujillopedagoga.com\/index.php\/politica-de-cookies\/","og_site_name":"Centro Emociones","article_modified_time":"2024-07-10T16:36:22+00:00","twitter_card":"summary_large_image","twitter_misc":{"Tiempo de lectura":"4 minutos"},"schema":{"@context":"https:\/\/schema.org","@graph":[{"@type":"WebPage","@id":"https:\/\/antoniatrujillopedagoga.com\/index.php\/politica-de-cookies\/","url":"https:\/\/antoniatrujillopedagoga.com\/index.php\/politica-de-cookies\/","name":"Pol\u00edtica de cookies - Centro Emociones","isPartOf":{"@id":"https:\/\/antoniatrujillopedagoga.com\/#website"},"datePublished":"2024-07-10T16:05:29+00:00","dateModified":"2024-07-10T16:36:22+00:00","breadcrumb":{"@id":"https:\/\/antoniatrujillopedagoga.com\/index.php\/politica-de-cookies\/#breadcrumb"},"inLanguage":"es","potentialAction":[{"@type":"ReadAction","target":["https:\/\/antoniatrujillopedagoga.com\/index.php\/politica-de-cookies\/"]}]},{"@type":"BreadcrumbList","@id":"https:\/\/antoniatrujillopedagoga.com\/index.php\/politica-de-cookies\/#breadcrumb","itemListElement":[{"@type":"ListItem","position":1,"name":"Portada","item":"https:\/\/antoniatrujillopedagoga.com\/"},{"@type":"ListItem","position":2,"name":"Pol\u00edtica de cookies"}]},{"@type":"WebSite","@id":"https:\/\/antoniatrujillopedagoga.com\/#website","url":"https:\/\/antoniatrujillopedagoga.com\/","name":"Centro Emociones","description":"","publisher":{"@id":"https:\/\/antoniatrujillopedagoga.com\/#organization"},"potentialAction":[{"@type":"SearchAction","target":{"@type":"EntryPoint","urlTemplate":"https:\/\/antoniatrujillopedagoga.com\/?s={search_term_string}"},"query-input":"required name=search_term_string"}],"inLanguage":"es"},{"@type":"Organization","@id":"https:\/\/antoniatrujillopedagoga.com\/#organization","name":"Centro Emociones","url":"https:\/\/antoniatrujillopedagoga.com\/","logo":{"@type":"ImageObject","inLanguage":"es","@id":"https:\/\/antoniatrujillopedagoga.com\/#\/schema\/logo\/image\/","url":"https:\/\/antoniatrujillopedagoga.com\/wp-content\/uploads\/2024\/05\/logo-blanco-cabecera.png","contentUrl":"https:\/\/antoniatrujillopedagoga.com\/wp-content\/uploads\/2024\/05\/logo-blanco-cabecera.png","width":221,"height":35,"caption":"Centro Emociones"},"image":{"@id":"https:\/\/antoniatrujillopedagoga.com\/#\/schema\/logo\/image\/"}}]}},"_links":{"self":[{"href":"https:\/\/antoniatrujillopedagoga.com\/index.php\/wp-json\/wp\/v2\/pages\/3535","targetHints":{"allow":["GET"]}}],"collection":[{"href":"https:\/\/antoniatrujillopedagoga.com\/index.php\/wp-json\/wp\/v2\/pages"}],"about":[{"href":"https:\/\/antoniatrujillopedagoga.com\/index.php\/wp-json\/wp\/v2\/types\/page"}],"author":[{"embeddable":true,"href":"https:\/\/antoniatrujillopedagoga.com\/index.php\/wp-json\/wp\/v2\/users\/2"}],"replies":[{"embeddable":true,"href":"https:\/\/antoniatrujillopedagoga.com\/index.php\/wp-json\/wp\/v2\/comments?post=3535"}],"version-history":[{"count":7,"href":"https:\/\/antoniatrujillopedagoga.com\/index.php\/wp-json\/wp\/v2\/pages\/3535\/revisions"}],"predecessor-version":[{"id":3559,"href":"https:\/\/antoniatrujillopedagoga.com\/index.php\/wp-json\/wp\/v2\/pages\/3535\/revisions\/3559"}],"wp:attachment":[{"href":"https:\/\/antoniatrujillopedagoga.com\/index.php\/wp-json\/wp\/v2\/media?parent=3535"}],"curies":[{"name":"wp","href":"https:\/\/api.w.org\/{rel}","templated":true}]}}