{"id":3533,"date":"2024-07-10T16:04:52","date_gmt":"2024-07-10T16:04:52","guid":{"rendered":"https:\/\/antoniatrujillopedagoga.com\/?page_id=3533"},"modified":"2024-07-10T16:18:21","modified_gmt":"2024-07-10T16:18:21","slug":"aviso-legal","status":"publish","type":"page","link":"https:\/\/antoniatrujillopedagoga.com\/index.php\/aviso-legal\/","title":{"rendered":"Aviso legal"},"content":{"rendered":"\t\t<div data-elementor-type=\"wp-page\" data-elementor-id=\"3533\" class=\"elementor elementor-3533\" data-elementor-post-type=\"page\">\n\t\t\t\t<div class=\"elementor-element elementor-element-2cb1f3f e-flex e-con-boxed e-con e-parent\" data-id=\"2cb1f3f\" data-element_type=\"container\">\n\t\t\t\t\t<div class=\"e-con-inner\">\n\t\t\t\t<div class=\"elementor-element elementor-element-53440ff elementor-widget elementor-widget-text-editor\" data-id=\"53440ff\" data-element_type=\"widget\" data-widget_type=\"text-editor.default\">\n\t\t\t\t<div class=\"elementor-widget-container\">\n\t\t\t\t\t\t\t<p>Aviso Legal.<br \/><br \/>En virtud del cumplimiento de la Ley 34\/2002, de 11 de Julio, de Servicios de la Sociedad de la Informaci\u00f3n y de Comercio Electr\u00f3nico, le informamos:<br \/><br \/>1. Objeto.<br \/>Art. 10 LSSI: www.ikasbila.com es un dominio en internet de titularidad de Ikasbila S.Coop.P. no se responsabiliza en el caso de que los datos sobre este tema sean inexactos o falsos.<br \/><br \/>El \u201cportal\u201d s\u00f3lo puede ser utilizado con prop\u00f3sitos legales por tanto el usuario se obliga a hacer un uso l\u00edcito y honrado del portal y conforme a las presentes Condiciones Generales de Uso, a No utilizar los servicios del \u201cportal\u201d para la realizaci\u00f3n de actividades contrarias a las legislaci\u00f3n espa\u00f1ola, a la moral y al orden p\u00fablico, asumiendo por parte del usuario todas las responsabilidades de da\u00f1os y perjuicios frente al titular del dominio o terceros que pudieran derivarse de pr\u00e1cticas ilegales o no permitidas entres otras y a titulo enunciativo y no limitativo:<br \/><br \/>Realizar sin previo consentimiento por parte del titular del dominio cualquier manipulaci\u00f3n o alteraci\u00f3n de esta p\u00e1gina, no asumiendo el titular del dominio ninguna responsabilidad que pudiera derivarse, de dicha manipulaci\u00f3n o alteraci\u00f3n por terceros.<br \/>Realizar cualquier acto que pueda da\u00f1ar, inutilizar, sobrecargar, o deteriorar el Portal y los servicios y\/o impedir el normal uso y utilizaci\u00f3n por parte de los Usuarios.<br \/>Introducir y\/o Utilizar programas de ordenador, datos, archivos defectuosos, virus, c\u00f3digo malicioso, equipos inform\u00e1ticos o de telecomunicaciones o cualquier otro, independientemente de su naturaleza que pueda causar da\u00f1os en el Portal, en cualquiera de los servicios, o en cualesquiera activos (f\u00edsicos o l\u00f3gicos) de los sistemas de informaci\u00f3n de titular del dominio.<br \/>Violar los derechos de terceros a la intimidad, la propia imagen, la protecci\u00f3n de datos al secreto en las comunicaciones, a la propiedad intelectual e industrial.<br \/>Ocultar y falsear el origen de mensajes de correo electr\u00f3nico<br \/>Utilizar identidades falsas, suplantar la identidad de otros en la utilizaci\u00f3n del Portal o en la utilizaci\u00f3n de cualquiera de los servicios<br \/>Reproducir, distribuir, modificar o copiar el contenido de esta p\u00e1gina, salvo que de disponga de la autorizaci\u00f3n del titular del dominio o est\u00e9 legalmente autorizado.<br \/>Transmitir a terceros no autorizados los nombres de Usuario y las claves de acceso<br \/>Ikasbila S.Coop.P. no responde de los Enlaces (LINKS) a otras p\u00e1ginas de Internet de terceros y su existencia no implica que Ikasbila S.Coop.P. apruebe o acepte sus contenidos y servicios. Estas otras p\u00e1ginas web no est\u00e1n controladas por Ikasbila S.Coop.P. ni cubiertas por la presente Pol\u00edtica de Privacidad. Si accede a otras p\u00e1ginas web utilizando los Links proporcionados, los operadores de dichos sitios web podr\u00e1n recoger su informaci\u00f3n personal. Aseg\u00farese que est\u00e1 conforme con las Pol\u00edticas de Privacidad de estas terceras p\u00e1ginas web antes de facilitar ning\u00fan tipo de informaci\u00f3n personal.<br \/><br \/>Con car\u00e1cter general, el titular del dominio, excluye su responsabilidad por los da\u00f1os y perjuicios de cualquier naturaleza e \u00edndole que pudieran derivarse del uso del sitio web de, as\u00ed como a los da\u00f1os y perjuicios derivados de la infracci\u00f3n de los derechos de propiedad Intelectual e Industrial por parte de los usuarios y\/o la falta de veracidad, exactitud, y actualidad de los contenidos, ni le podr\u00e1n ser exigidas responsabilidades por la interrupci\u00f3n del servicio, inadecuado funcionamiento o imposibilidad de acceso al servicio.<br \/>El titular del dominio no ser\u00e1 responsable por los da\u00f1os y perjuicios causados por la presencia de virus o cualquier otro software lesivo que pueda producir alteraciones en el sistema inform\u00e1tico del Usuario.<br \/><br \/>El sitio web, incluyendo a t\u00edtulo enunciativo pero no limitativo, su programaci\u00f3n, dise\u00f1os, logotipos, texto y\/o gr\u00e1ficos son propiedad del prestador o en su caso dispone de licencia o autorizaci\u00f3n expresa por parte de los autores.<br \/><br \/>Independientemente de la finalidad para la que fueran destinados, la reproducci\u00f3n total o parcial, uso, explotaci\u00f3n, distribuci\u00f3n y comercializaci\u00f3n, requiere en todo caso de la autorizaci\u00f3n escrita previa por parte del titular del dominio.<br \/><br \/>El usuario se compromete a no realizar ning\u00fan acto en contra de los derechos de propiedad intelectual o industrial del autor.<br \/><br \/>El prestador autoriza expresamente a que terceros puedan redirigir directamente a los contenidos concretos del sitio web, debiendo en todo caso redirigir al sitio web principal del prestador.<br \/><br \/>Protecci\u00f3n de datos y uso de cookies<br \/>Puede consultar nuestra pol\u00edtica sobre protecci\u00f3n de datos de car\u00e1cter personal y uso de cookies al siguiente apartado Pol\u00edtica de protecci\u00f3n de datos.<br \/><br \/>Legislaci\u00f3n aplicable<br \/>Las presentes Condiciones se regir\u00e1n en todo momento por lo dispuesto en la legislaci\u00f3n espa\u00f1ola.<\/p>\t\t\t\t\t\t<\/div>\n\t\t\t\t<\/div>\n\t\t\t\t\t<\/div>\n\t\t\t\t<\/div>\n\t\t\t\t<\/div>\n\t\t","protected":false},"excerpt":{"rendered":"<p>Aviso Legal. En virtud del cumplimiento de la Ley 34\/2002, de 11 de Julio, de Servicios de la Sociedad de la Informaci\u00f3n y de Comercio Electr\u00f3nico, le informamos: 1. Objeto.Art. 10 LSSI: www.ikasbila.com es un dominio en internet de titularidad de Ikasbila S.Coop.P. no se responsabiliza en el caso de que los datos sobre este&hellip;<\/p>\n","protected":false},"author":2,"featured_media":0,"parent":0,"menu_order":0,"comment_status":"closed","ping_status":"closed","template":"","meta":{"footnotes":""},"class_list":["post-3533","page","type-page","status-publish","hentry"],"yoast_head":"<!-- This site is optimized with the Yoast SEO plugin v23.0 - https:\/\/yoast.com\/wordpress\/plugins\/seo\/ -->\n<title>Aviso legal - Centro Emociones<\/title>\n<meta name=\"robots\" content=\"index, follow, max-snippet:-1, max-image-preview:large, max-video-preview:-1\" \/>\n<link rel=\"canonical\" href=\"https:\/\/antoniatrujillopedagoga.com\/index.php\/aviso-legal\/\" \/>\n<meta property=\"og:locale\" content=\"es_ES\" \/>\n<meta property=\"og:type\" content=\"article\" \/>\n<meta property=\"og:title\" content=\"Aviso legal - Centro Emociones\" \/>\n<meta property=\"og:description\" content=\"Aviso Legal. En virtud del cumplimiento de la Ley 34\/2002, de 11 de Julio, de Servicios de la Sociedad de la Informaci\u00f3n y de Comercio Electr\u00f3nico, le informamos: 1. Objeto.Art. 10 LSSI: www.ikasbila.com es un dominio en internet de titularidad de Ikasbila S.Coop.P. no se responsabiliza en el caso de que los datos sobre este&hellip;\" \/>\n<meta property=\"og:url\" content=\"https:\/\/antoniatrujillopedagoga.com\/index.php\/aviso-legal\/\" \/>\n<meta property=\"og:site_name\" content=\"Centro Emociones\" \/>\n<meta property=\"article:modified_time\" content=\"2024-07-10T16:18:21+00:00\" \/>\n<meta name=\"twitter:card\" content=\"summary_large_image\" \/>\n<meta name=\"twitter:label1\" content=\"Tiempo de lectura\" \/>\n\t<meta name=\"twitter:data1\" content=\"4 minutos\" \/>\n<script type=\"application\/ld+json\" class=\"yoast-schema-graph\">{\"@context\":\"https:\/\/schema.org\",\"@graph\":[{\"@type\":\"WebPage\",\"@id\":\"https:\/\/antoniatrujillopedagoga.com\/index.php\/aviso-legal\/\",\"url\":\"https:\/\/antoniatrujillopedagoga.com\/index.php\/aviso-legal\/\",\"name\":\"Aviso legal - Centro Emociones\",\"isPartOf\":{\"@id\":\"https:\/\/antoniatrujillopedagoga.com\/#website\"},\"datePublished\":\"2024-07-10T16:04:52+00:00\",\"dateModified\":\"2024-07-10T16:18:21+00:00\",\"breadcrumb\":{\"@id\":\"https:\/\/antoniatrujillopedagoga.com\/index.php\/aviso-legal\/#breadcrumb\"},\"inLanguage\":\"es\",\"potentialAction\":[{\"@type\":\"ReadAction\",\"target\":[\"https:\/\/antoniatrujillopedagoga.com\/index.php\/aviso-legal\/\"]}]},{\"@type\":\"BreadcrumbList\",\"@id\":\"https:\/\/antoniatrujillopedagoga.com\/index.php\/aviso-legal\/#breadcrumb\",\"itemListElement\":[{\"@type\":\"ListItem\",\"position\":1,\"name\":\"Portada\",\"item\":\"https:\/\/antoniatrujillopedagoga.com\/\"},{\"@type\":\"ListItem\",\"position\":2,\"name\":\"Aviso legal\"}]},{\"@type\":\"WebSite\",\"@id\":\"https:\/\/antoniatrujillopedagoga.com\/#website\",\"url\":\"https:\/\/antoniatrujillopedagoga.com\/\",\"name\":\"Centro Emociones\",\"description\":\"\",\"publisher\":{\"@id\":\"https:\/\/antoniatrujillopedagoga.com\/#organization\"},\"potentialAction\":[{\"@type\":\"SearchAction\",\"target\":{\"@type\":\"EntryPoint\",\"urlTemplate\":\"https:\/\/antoniatrujillopedagoga.com\/?s={search_term_string}\"},\"query-input\":\"required name=search_term_string\"}],\"inLanguage\":\"es\"},{\"@type\":\"Organization\",\"@id\":\"https:\/\/antoniatrujillopedagoga.com\/#organization\",\"name\":\"Centro Emociones\",\"url\":\"https:\/\/antoniatrujillopedagoga.com\/\",\"logo\":{\"@type\":\"ImageObject\",\"inLanguage\":\"es\",\"@id\":\"https:\/\/antoniatrujillopedagoga.com\/#\/schema\/logo\/image\/\",\"url\":\"https:\/\/antoniatrujillopedagoga.com\/wp-content\/uploads\/2024\/05\/logo-blanco-cabecera.png\",\"contentUrl\":\"https:\/\/antoniatrujillopedagoga.com\/wp-content\/uploads\/2024\/05\/logo-blanco-cabecera.png\",\"width\":221,\"height\":35,\"caption\":\"Centro Emociones\"},\"image\":{\"@id\":\"https:\/\/antoniatrujillopedagoga.com\/#\/schema\/logo\/image\/\"}}]}<\/script>\n<!-- \/ Yoast SEO plugin. -->","yoast_head_json":{"title":"Aviso legal - Centro Emociones","robots":{"index":"index","follow":"follow","max-snippet":"max-snippet:-1","max-image-preview":"max-image-preview:large","max-video-preview":"max-video-preview:-1"},"canonical":"https:\/\/antoniatrujillopedagoga.com\/index.php\/aviso-legal\/","og_locale":"es_ES","og_type":"article","og_title":"Aviso legal - Centro Emociones","og_description":"Aviso Legal. En virtud del cumplimiento de la Ley 34\/2002, de 11 de Julio, de Servicios de la Sociedad de la Informaci\u00f3n y de Comercio Electr\u00f3nico, le informamos: 1. Objeto.Art. 10 LSSI: www.ikasbila.com es un dominio en internet de titularidad de Ikasbila S.Coop.P. no se responsabiliza en el caso de que los datos sobre este&hellip;","og_url":"https:\/\/antoniatrujillopedagoga.com\/index.php\/aviso-legal\/","og_site_name":"Centro Emociones","article_modified_time":"2024-07-10T16:18:21+00:00","twitter_card":"summary_large_image","twitter_misc":{"Tiempo de lectura":"4 minutos"},"schema":{"@context":"https:\/\/schema.org","@graph":[{"@type":"WebPage","@id":"https:\/\/antoniatrujillopedagoga.com\/index.php\/aviso-legal\/","url":"https:\/\/antoniatrujillopedagoga.com\/index.php\/aviso-legal\/","name":"Aviso legal - Centro Emociones","isPartOf":{"@id":"https:\/\/antoniatrujillopedagoga.com\/#website"},"datePublished":"2024-07-10T16:04:52+00:00","dateModified":"2024-07-10T16:18:21+00:00","breadcrumb":{"@id":"https:\/\/antoniatrujillopedagoga.com\/index.php\/aviso-legal\/#breadcrumb"},"inLanguage":"es","potentialAction":[{"@type":"ReadAction","target":["https:\/\/antoniatrujillopedagoga.com\/index.php\/aviso-legal\/"]}]},{"@type":"BreadcrumbList","@id":"https:\/\/antoniatrujillopedagoga.com\/index.php\/aviso-legal\/#breadcrumb","itemListElement":[{"@type":"ListItem","position":1,"name":"Portada","item":"https:\/\/antoniatrujillopedagoga.com\/"},{"@type":"ListItem","position":2,"name":"Aviso legal"}]},{"@type":"WebSite","@id":"https:\/\/antoniatrujillopedagoga.com\/#website","url":"https:\/\/antoniatrujillopedagoga.com\/","name":"Centro Emociones","description":"","publisher":{"@id":"https:\/\/antoniatrujillopedagoga.com\/#organization"},"potentialAction":[{"@type":"SearchAction","target":{"@type":"EntryPoint","urlTemplate":"https:\/\/antoniatrujillopedagoga.com\/?s={search_term_string}"},"query-input":"required name=search_term_string"}],"inLanguage":"es"},{"@type":"Organization","@id":"https:\/\/antoniatrujillopedagoga.com\/#organization","name":"Centro Emociones","url":"https:\/\/antoniatrujillopedagoga.com\/","logo":{"@type":"ImageObject","inLanguage":"es","@id":"https:\/\/antoniatrujillopedagoga.com\/#\/schema\/logo\/image\/","url":"https:\/\/antoniatrujillopedagoga.com\/wp-content\/uploads\/2024\/05\/logo-blanco-cabecera.png","contentUrl":"https:\/\/antoniatrujillopedagoga.com\/wp-content\/uploads\/2024\/05\/logo-blanco-cabecera.png","width":221,"height":35,"caption":"Centro Emociones"},"image":{"@id":"https:\/\/antoniatrujillopedagoga.com\/#\/schema\/logo\/image\/"}}]}},"_links":{"self":[{"href":"https:\/\/antoniatrujillopedagoga.com\/index.php\/wp-json\/wp\/v2\/pages\/3533","targetHints":{"allow":["GET"]}}],"collection":[{"href":"https:\/\/antoniatrujillopedagoga.com\/index.php\/wp-json\/wp\/v2\/pages"}],"about":[{"href":"https:\/\/antoniatrujillopedagoga.com\/index.php\/wp-json\/wp\/v2\/types\/page"}],"author":[{"embeddable":true,"href":"https:\/\/antoniatrujillopedagoga.com\/index.php\/wp-json\/wp\/v2\/users\/2"}],"replies":[{"embeddable":true,"href":"https:\/\/antoniatrujillopedagoga.com\/index.php\/wp-json\/wp\/v2\/comments?post=3533"}],"version-history":[{"count":7,"href":"https:\/\/antoniatrujillopedagoga.com\/index.php\/wp-json\/wp\/v2\/pages\/3533\/revisions"}],"predecessor-version":[{"id":3552,"href":"https:\/\/antoniatrujillopedagoga.com\/index.php\/wp-json\/wp\/v2\/pages\/3533\/revisions\/3552"}],"wp:attachment":[{"href":"https:\/\/antoniatrujillopedagoga.com\/index.php\/wp-json\/wp\/v2\/media?parent=3533"}],"curies":[{"name":"wp","href":"https:\/\/api.w.org\/{rel}","templated":true}]}}