{"id":3517,"date":"2024-07-10T15:57:01","date_gmt":"2024-07-10T15:57:01","guid":{"rendered":"https:\/\/antoniatrujillopedagoga.com\/?page_id=3517"},"modified":"2024-07-10T16:17:35","modified_gmt":"2024-07-10T16:17:35","slug":"politica-de-privacidad","status":"publish","type":"page","link":"https:\/\/antoniatrujillopedagoga.com\/index.php\/politica-de-privacidad\/","title":{"rendered":"Pol\u00edtica de privacidad"},"content":{"rendered":"\t\t<div data-elementor-type=\"wp-page\" data-elementor-id=\"3517\" class=\"elementor elementor-3517\" data-elementor-post-type=\"page\">\n\t\t\t\t<div class=\"elementor-element elementor-element-89d33b1 e-flex e-con-boxed e-con e-parent\" data-id=\"89d33b1\" data-element_type=\"container\">\n\t\t\t\t\t<div class=\"e-con-inner\">\n\t\t\t\t<div class=\"elementor-element elementor-element-ffb9452 elementor-widget elementor-widget-text-editor\" data-id=\"ffb9452\" data-element_type=\"widget\" data-widget_type=\"text-editor.default\">\n\t\t\t\t<div class=\"elementor-widget-container\">\n\t\t\t\t\t\t\t<p>Pol\u00edtica de protecci\u00f3n de datos.<br \/>Las categor\u00edas de datos personales que Ikasbila S.Coop.P. trata sobre sus clientes y proveedores son:<br \/><br \/>\u00bfQui\u00e9n es el Responsable de tratamiento de sus datos?<br \/>El responsable de los tratamientos de datos referentes a los distintos procesos con respecto la gesti\u00f3n de personal es Ikasbila S.Coop.P. , con domicilio social en C\/ Castor Andetxaga 10, Barakaldo, Bizkaia y CIF F95646147.<br \/><br \/>A efectos de nuestra pol\u00edtica de protecci\u00f3n de datos el tel\u00e9fono de contacto es 944378484 y el correo electr\u00f3nico de contacto es alonso@ikasbila.com.<br \/><br \/>Asimismo, le informamos que nuestra entidad ha asignado un Delegado de Protecci\u00f3n de Datos (DPD) seg\u00fan lo establecido por la normativa vigente. Ud. puede contactar con nuestro DPD mediante el siguiente correo electr\u00f3nico ikasbila@ikasbila.com.<br \/><br \/>\u00bfQu\u00e9 tipo de datos tenemos sobre su persona y c\u00f3mo los hemos obtenido?<br \/>Datos de identificaci\u00f3n<br \/>Direcciones postales o electr\u00f3nicas<br \/>Informaci\u00f3n de salud<br \/>Datos econ\u00f3micos y de transacciones<br \/>Datos acad\u00e9micos<br \/>Datos profesionales en su caso<br \/>Todos los datos arriba mencionados los hemos obtenido o directamente de Usted mediante la presentaci\u00f3n de una solicitud de informaci\u00f3n, propuesta contractual, etc. o mediante otras personas allegadas a usted al facilitarnos los datos de identificaci\u00f3n y dem\u00e1s informaci\u00f3n necesaria para llevar al cabo el objeto de la relaci\u00f3n contractual entre las partes. Ser\u00e1 una obligaci\u00f3n suya o de quien considere expresamente, facilitarnos los datos actualizados en caso de modificaci\u00f3n.<br \/><br \/>\u00bfCon qu\u00e9 finalidad tratamos sus datos?<br \/>En Ikasbila S.Coop.P. tratamos los datos que nos facilitan las personas interesadas con el fin de gestionar distintas actividades derivadas de procedimientos espec\u00edficos realizados en materia de ventas, Servicio post venta, gesti\u00f3n de proveedores, Calidad de servicios, etc. De esta manera, utilizaremos sus datos para llevar al cabo algunas de las siguientes acciones:<br \/><br \/>Env\u00edo de la informaci\u00f3n que nos soliciten mediante el formulario de contacto de nuestra p\u00e1gina web o cualquier otro medio de contacto con nuestra empresa,<br \/>Facilitar tanto a los clientes potenciales como a nuestros clientes, ofertas de productos y servicios de su inter\u00e9s,<br \/>Llevar a cabo la gesti\u00f3n administrativa, fiscal y contable de nuestros clientes y\/o proveedores,<br \/>Llevar a cabo encuestas de satisfacci\u00f3n, estudios de mercado, etc. con el fin de poder ofrecerle las ofertas m\u00e1s adecuadas y una calidad optimizada de servicio, etc.<br \/>Gesti\u00f3n de contrataci\u00f3n de clientes<br \/>Gesti\u00f3n de la informaci\u00f3n que pueda entrar a trav\u00e9s de la p\u00e1gina web.<br \/>Gesti\u00f3n de altas y modificaci\u00f3n de datos de usuarios.<br \/>Gesti\u00f3n de rendimiento obtenido por los usuarios.<br \/>Gesti\u00f3n de la tramitaci\u00f3n de derechos en materia de protecci\u00f3n de datos.<br \/><br \/>\u00bfPor cu\u00e1nto tiempo conservaremos sus datos?<br \/>Los datos personales relativos a personas f\u00edsicas vinculadas a clientes potenciales, clientes y proveedores que Ikasbila S.Coop.P. recopile mediante los distintos formularios de contacto y\/o recogida de informaci\u00f3n se conservar\u00e1n mientras no se solicite su supresi\u00f3n por el interesado. Los datos proporcionados por nuestros clientes y proveedores se conservar\u00e1n mientras se mantenga la relaci\u00f3n mercantil entre las partes respetando en cualquier caso los plazos m\u00ednimos legales de conservaci\u00f3n seg\u00fan la materia.<br \/><br \/>En cualquier caso Ikasbila S.Coop.P. guardar\u00e1 sus datos personales durante el per\u00edodo de tiempo que sea razonablemente necesario teniendo en cuenta nuestras necesidades de dar respuesta a cuestiones que se planteen o resolver problemas, realizar mejoras, activar nuevos servicios y cumplir los requisitos que exija la legislaci\u00f3n aplicable. Esto significa que podemos conservar tus datos personales durante un per\u00edodo de tiempo razonable incluso despu\u00e9s de que hayas dejado de usar nuestros productos y\/o servicios o de que hayas dejado de usar esta p\u00e1gina web. Despu\u00e9s de este per\u00edodo, tus datos personales ser\u00e1n eliminados de todos los sistemas de Ikasbila S.Coop.P.<br \/><br \/>\u00bfCu\u00e1l es la base de legitimaci\u00f3n para el tratamiento de sus datos?<br \/>Seg\u00fan tipo de tratamiento de datos le resumimos en continuaci\u00f3n la base de legitimaci\u00f3n de dicho tratamiento:<br \/><br \/>TRATAMIENTO<br \/>BASE DE LEGITIMACI\u00d3N<br \/>Gesti\u00f3n Contable: gestion de facturaci\u00f3n con clientes y\/o proveedores Mantenimiento, desarrollo y control de la relaci\u00f3n contractual entre las partes<br \/>Mantenimiento, desarrollo y control de la relaci\u00f3n contractual entre las partes.<br \/>Gesti\u00f3n fiscal: aplicaci\u00f3n de retenciones, bonificaciones, etc.<br \/>Mantenimiento, desarrollo y control de la relaci\u00f3n contractual entre las partes; Cumplimiento obligaciones legales<br \/>Gesti\u00f3n administrativa: gesti\u00f3n de log\u00edstica, almac\u00e9n, entregas al cliente, recepci\u00f3n de mercanc\u00edas, etc.<br \/>Mantenimiento, desarrollo y control de la relaci\u00f3n contractual entre las partes<br \/>Marketing: Acciones comerciales sobre nuestros productos o servicios dirigidas a nuestros clientes o aquellas personas que nos han solicitado informaci\u00f3n relativa en el pasado incluyendo la realizaci\u00f3n de encuestas de satisfacci\u00f3n a nuestros clientes.<br \/>Consentimiento libre e inequ\u00edvoco del propio interesado (clientes potenciales), le hacemos constar que la retirada de este consentimiento en ning\u00fan caso puede condicionar la ejecuci\u00f3n del contrato que hubiera entre las partes; Inter\u00e9s leg\u00edtimo de la compa\u00f1\u00eda sobre la promoci\u00f3n y comercializaci\u00f3n de productos o servicios similares a los obtenidos o solicitados por las personas interesadas en el pasado.<br \/>Consentimiento libre e inequ\u00edvoco del propio interesado<br \/>Tratamiento de gesti\u00f3n de cursos y test on line:<br \/>Consentimiento libre e inequ\u00edvoco del propio interesado<br \/>Tratamiento de gesti\u00f3n de operaciones de requerimiento de deuda por terceros sobre proveedores\/colaboradores-prescriptores:<br \/>Obligaci\u00f3n legal<br \/>Tratamiento de contrataci\u00f3n de clientes p.fisicas:<br \/>Mantenimiento, desarrollo y control de la relaci\u00f3n contractual entre las partes<br \/>Tratamiento de gesti\u00f3n de operaciones en contrataci\u00f3n de clientes p. juridica:<br \/>Mantenimiento, desarrollo y control de la relaci\u00f3n contractual entre las partes<br \/>Tratamiento de gesti\u00f3n de operaciones con contactos &#8211; usuarios web:<br \/>Consentimiento libre e inequ\u00edvoco del propio interesado<br \/>Tratamiento de gesti\u00f3n de operaciones en el alta y modificaci\u00f3n de datos de usuarios:<br \/>Consentimiento libre e inequ\u00edvoco del propio interesado<br \/>Tratamiento de calificaciones acad\u00e9micas de usuarios:<br \/>Consentimiento libre e inequ\u00edvoco del propio interesado<br \/>Tratamiento de gesti\u00f3n de derechos de interesados en protecci\u00f3n de datos:<br \/>Consentimiento libre e inequ\u00edvoco del propio interesado<br \/>En cuanto, a la base de legitimaci\u00f3n referenciada Usted se encuentra obligado a facilitar los datos personales, en el supuesto de que no facilite sus datos de car\u00e1cter personal no se podr\u00e1 ejecutar su contrato, cumplir las obligaciones legales o derivadas de los poderes p\u00fablicos.<br \/><br \/>\u00bf\u00c1 que destinatarios se comunicar\u00e1n sus datos?<br \/>Ikasbila S.Coop.P. nunca compartir\u00e1 tus datos personales con ninguna empresa tercera que pretenda utilizarlos en sus acciones de marketing directo, excepto en el caso de que nos hayas autorizado expresamente a ello.<br \/><br \/>Le informamos que podemos facilitar tus datos personales a organismos de la Administraci\u00f3n P\u00fablica y Autoridades competentes en aquellos casos que Ikasbila S.Coop.P. reciba un requerimiento legal por parte de dichas Autoridades o en los casos que actuando de buena fe, consideramos que tal acci\u00f3n es razonablemente necesaria para cumplir con un proceso judicial; para contestar cualquier reclamaci\u00f3n o demanda jur\u00eddica; o para proteger los derechos de Ikasbila S.Coop.P. o sus clientes y el p\u00fablico en general.<br \/><br \/>Le informamos que sus datos no van a ser cedidos o comunicados a terceros siendo Ikasbila S.Coop.P. la \u00fanica responsable para su tratamiento y custodia.<br \/><br \/>\u00bfCu\u00e1les son sus derechos como afectados o interesado?<br \/>Cualquier persona tiene derecho a obtener confirmaci\u00f3n sobre si Ikasbila S.Coop.P. est\u00e1 tratando datos personales que le conciernan, o no.<br \/><br \/>En concreto, las personas interesadas pueden solicitar el derecho de acceso a sus datos personales, as\u00ed como recibirlos en un formato com\u00fan y lectura mecanizada si el tratamiento se efect\u00faa por medios electr\u00f3nicos (derecho de portabilidad).<br \/><br \/>Asi mismo, las personas interesadas pueden solicitar el derecho de rectificaci\u00f3n de los datos inexactos o, en su caso, solicitar su supresi\u00f3n cuando, entre otros motivos, los datos ya no sea necesarios para los fines que fueron recogidos.<br \/><br \/>Complementariamente, en determinadas circunstancias, los interesados podr\u00e1n solicitar la limitaci\u00f3n del tratamiento de sus datos, o en determinadas circunstancias y por motivos relacionados con su situaci\u00f3n particular, los interesados podr\u00e1n ejercitar su derecho a oponerse al tratamiento de sus datos. Ikasbila S.Coop.P. dejar\u00e1 de tratar los datos, salvo por motivos leg\u00edtimos imperiosos, o el ejercicio o la defensa de posibles reclamaciones o en aquellas excepciones establecidas en la normativa aplicable.<br \/><br \/>As\u00ed mismo, le informamos que tiene derecho a retirar sus consentimientos otorgados en cualquier momento, sin que ello afecte a la licitud del tratamiento basado en el consentimiento previo a su retirada.<br \/><br \/>As\u00ed mismo se informa al Usuario que en cualquier momento puede ejercitar los mencionados derechos dirigi\u00e9ndose por escrito a nosotros utilizando los datos de contacto que aparecen en el Apartado 1, \u2018Responsable de tratamiento\u2019 de la presente pol\u00edtica de Protecci\u00f3n de Datos y Privacidad de Ikasbila S.Coop.P., adjuntando copia de su DNI. Usted tambi\u00e9n tendr\u00e1 el derecho a presentar una reclamaci\u00f3n ante la Agencia Espa\u00f1ola de Protecci\u00f3n de datos, especialmente cuando no haya obtenido satisfacci\u00f3n en el ejercicio de sus derechos: Agencia Espa\u00f1ola de Protecci\u00f3n de Datos. C\/ Jorge Juan, 6 &#8211; 28001 \u2013 Madrid &#8211; Telf. 901100099 \/ 912663517<br \/><br \/>Protecci\u00f3n de datos de los usuarios de la p\u00e1gina web<br \/>De conformidad con el vigente Reglamento (UE) 2016\/679, Ikasbila S.Coop.P. informa que los datos de car\u00e1cter personal de los Usuarios del sitio web se tratar\u00e1n para la actividad del tratamiento indicado en cada formulario de recogida de datos de nuestra p\u00e1gina web por parte de Ikasbila S.Coop.P. . Dicho tratamiento de sus datos estar\u00e1 amparado en su propio consentimiento. Al pulsar el bot\u00f3n \u201cENVIAR\u201d, el Usuario consiente al tratamiento de sus datos por parte de Ikasbila S.Coop.P.<br \/><br \/>Asimismo, le informamos que salvo obligaci\u00f3n legal o consentimiento expreso por su parte Ikasbila S.Coop.P. no va a ceder sus datos a terceras personas.<br \/><br \/>Igualmente, se informa al Usuario que en cualquier momento puede ejercitar los derechos de acceso, rectificaci\u00f3n o supresi\u00f3n de datos as\u00ed como disponer de otros derechos reconocidos en el presente documento y regulados en el Reglamento (UE) 2016\/679 , notific\u00e1ndolo a Ikasbila S.Coop.P., C\/ Castor Andetxaga 10, Barakaldo, Bizkaia, 48902 &#8211; 944378484 , e-mail: alonso@ikasbila.com<br \/><br \/>Por otro lado, de acuerdo con lo dispuesto en la Ley 34\/2002, de 11 de Julio, de Servicios de la Sociedad de Informaci\u00f3n y de Comercio Electr\u00f3nico, Ikasbila S.Coop.P. se compromete a no enviar publicidad a trav\u00e9s del correo electr\u00f3nico sin haber recabado antes la expresa autorizaci\u00f3n del destinatario. El Usuario podr\u00e1 oponerse al env\u00edo de publicidad marcando la casilla correspondiente.<br \/><br \/>Otra informaci\u00f3n de inter\u00e9s sobre nuestra pol\u00edtica de privacidad<br \/>Medidas de Seguridad<br \/>Ikasbila S.Coop.P. adopta los niveles de seguridad requeridos por la normativa Europea y Espa\u00f1ola vigente en protecci\u00f3n de datos teniendo en cuenta el estado de la t\u00e9cnica, los costes de aplicaci\u00f3n y la naturaleza, el alcance, el contexto y los fines del tratamiento descritos, as\u00ed como los riesgos de probabilidad y gravedad variables para sus derechos y libertades como persona.<br \/><br \/>Tratamiento de datos de menores<br \/>Para Ikasbila S.Coop.P. es de gran importancia proteger la privacidad de los menores, en su virtud, solo los datos de sus hijos menores en aquellos casos en que sea estrictamente necesario para dar cumplimiento a ciertas obligaciones legales (por ejemplo, aplicaci\u00f3n de retenciones sobre IRPF, etc.). O la implantaci\u00f3n de intervenciones y utilizaci\u00f3n de servicios en primera persona.<br \/><br \/>En cualquier caso, dicha recogida de datos se har\u00e1 siempre con su expreso consentimiento como padres o tutores.<br \/><br \/>Modificaciones de nuestra Pol\u00edtica de Protecci\u00f3n de Datos y de Privacidad<br \/>Ocasionalmente, Ikasbila S.Coop.P. podr\u00e1 realizar modificaciones y correcciones en este apartado de Pol\u00edtica de Protecci\u00f3n de Datos para Clientes, Proveedores y Usuarios. Por favor, verifique este apartado regularmente para consultar los cambios que puedan haber existido y de qu\u00e9 manera le pueden afectar.<br \/><br \/>\u00bfPor qu\u00e9 es necesario aceptar est\u00e1 Pol\u00edtica de Protecci\u00f3n de Datos y de Privacidad?<br \/>Este apartado de Pol\u00edtica de Protecci\u00f3n de Datos para Clientes, Proveedores y Usuarios le proporciona de un modo f\u00e1cilmente accesible toda la informaci\u00f3n necesaria para que puedas conocer la tipolog\u00eda de datos que Ikasbila S.Coop.P. mantiene sobre sus clientes potenciales, clientes y\/o proveedores, las finalidades perseguidas, los derechos que la normativa de protecci\u00f3n de datos reconoce a Ud. como persona afectada y el modo de c\u00f3mo ejercer dichos derechos. Por lo tanto, con el env\u00edo deliberado de sus datos personales mediante nuestros medios de contacto y\/o con el inicio de la relaci\u00f3n mercantil con nuestra empresa consideramos que reconoce y acepta el tratamiento de tus datos personales tal y como se describe en la presente pol\u00edtica. Esta informaci\u00f3n personal solamente se usar\u00e1 para los fines para los cuales nos la has facilitado o determinadas normativas nacionales o regionales nos habilitan hacerlo.<br \/><br \/>En cualquier caso, debemos advertirle que una negativa por su parte para facilitarnos determinados datos solicitados podr\u00eda obstaculizar el desarrollo de la relaci\u00f3n contractual entre las partes con posibles consecuencias serias al momento de prestar las diversas prestaciones contempladas dentro del contrato mercantil celebrado con la parte contratante.<br \/><br \/>Si tienes cualquier pregunta en relaci\u00f3n a este apartado de Pol\u00edtica de Protecci\u00f3n de Datos para los Clientes Potenciales, Clientes y Proveedores de Ikasbila S.Coop.P. , por favor, p\u00f3ngase en contacto con la empresa usando la direcci\u00f3n facilitada en la Apartado primero \u2018Responsable de Tratamiento\u2019 y estaremos encantados de atenderte y dar respuesta a las cuestiones adicionales que nos quieras plantear.<br \/><br \/>Legislaci\u00f3n aplicable<br \/>Las presentes Condiciones se regir\u00e1n en todo momento por lo dispuesto en la legislaci\u00f3n espa\u00f1ola y europea en materia de protecci\u00f3n de datos de car\u00e1cter personal y de privacidad.<\/p>\t\t\t\t\t\t<\/div>\n\t\t\t\t<\/div>\n\t\t\t\t\t<\/div>\n\t\t\t\t<\/div>\n\t\t\t\t<\/div>\n\t\t","protected":false},"excerpt":{"rendered":"<p>Pol\u00edtica de protecci\u00f3n de datos.Las categor\u00edas de datos personales que Ikasbila S.Coop.P. trata sobre sus clientes y proveedores son: \u00bfQui\u00e9n es el Responsable de tratamiento de sus datos?El responsable de los tratamientos de datos referentes a los distintos procesos con respecto la gesti\u00f3n de personal es Ikasbila S.Coop.P. , con domicilio social en C\/ Castor&hellip;<\/p>\n","protected":false},"author":2,"featured_media":0,"parent":0,"menu_order":0,"comment_status":"closed","ping_status":"closed","template":"","meta":{"footnotes":""},"class_list":["post-3517","page","type-page","status-publish","hentry"],"yoast_head":"<!-- This site is optimized with the Yoast SEO plugin v23.0 - https:\/\/yoast.com\/wordpress\/plugins\/seo\/ -->\n<title>Pol\u00edtica de privacidad - Centro Emociones<\/title>\n<meta name=\"robots\" content=\"index, follow, max-snippet:-1, max-image-preview:large, max-video-preview:-1\" \/>\n<link rel=\"canonical\" href=\"https:\/\/antoniatrujillopedagoga.com\/index.php\/politica-de-privacidad\/\" \/>\n<meta property=\"og:locale\" content=\"es_ES\" \/>\n<meta property=\"og:type\" content=\"article\" \/>\n<meta property=\"og:title\" content=\"Pol\u00edtica de privacidad - Centro Emociones\" \/>\n<meta property=\"og:description\" content=\"Pol\u00edtica de protecci\u00f3n de datos.Las categor\u00edas de datos personales que Ikasbila S.Coop.P. trata sobre sus clientes y proveedores son: \u00bfQui\u00e9n es el Responsable de tratamiento de sus datos?El responsable de los tratamientos de datos referentes a los distintos procesos con respecto la gesti\u00f3n de personal es Ikasbila S.Coop.P. , con domicilio social en C\/ Castor&hellip;\" \/>\n<meta property=\"og:url\" content=\"https:\/\/antoniatrujillopedagoga.com\/index.php\/politica-de-privacidad\/\" \/>\n<meta property=\"og:site_name\" content=\"Centro Emociones\" \/>\n<meta property=\"article:modified_time\" content=\"2024-07-10T16:17:35+00:00\" \/>\n<meta name=\"twitter:card\" content=\"summary_large_image\" \/>\n<meta name=\"twitter:label1\" content=\"Tiempo de lectura\" \/>\n\t<meta name=\"twitter:data1\" content=\"12 minutos\" \/>\n<script type=\"application\/ld+json\" class=\"yoast-schema-graph\">{\"@context\":\"https:\/\/schema.org\",\"@graph\":[{\"@type\":\"WebPage\",\"@id\":\"https:\/\/antoniatrujillopedagoga.com\/index.php\/politica-de-privacidad\/\",\"url\":\"https:\/\/antoniatrujillopedagoga.com\/index.php\/politica-de-privacidad\/\",\"name\":\"Pol\u00edtica de privacidad - Centro Emociones\",\"isPartOf\":{\"@id\":\"https:\/\/antoniatrujillopedagoga.com\/#website\"},\"datePublished\":\"2024-07-10T15:57:01+00:00\",\"dateModified\":\"2024-07-10T16:17:35+00:00\",\"breadcrumb\":{\"@id\":\"https:\/\/antoniatrujillopedagoga.com\/index.php\/politica-de-privacidad\/#breadcrumb\"},\"inLanguage\":\"es\",\"potentialAction\":[{\"@type\":\"ReadAction\",\"target\":[\"https:\/\/antoniatrujillopedagoga.com\/index.php\/politica-de-privacidad\/\"]}]},{\"@type\":\"BreadcrumbList\",\"@id\":\"https:\/\/antoniatrujillopedagoga.com\/index.php\/politica-de-privacidad\/#breadcrumb\",\"itemListElement\":[{\"@type\":\"ListItem\",\"position\":1,\"name\":\"Portada\",\"item\":\"https:\/\/antoniatrujillopedagoga.com\/\"},{\"@type\":\"ListItem\",\"position\":2,\"name\":\"Pol\u00edtica de privacidad\"}]},{\"@type\":\"WebSite\",\"@id\":\"https:\/\/antoniatrujillopedagoga.com\/#website\",\"url\":\"https:\/\/antoniatrujillopedagoga.com\/\",\"name\":\"Centro Emociones\",\"description\":\"\",\"publisher\":{\"@id\":\"https:\/\/antoniatrujillopedagoga.com\/#organization\"},\"potentialAction\":[{\"@type\":\"SearchAction\",\"target\":{\"@type\":\"EntryPoint\",\"urlTemplate\":\"https:\/\/antoniatrujillopedagoga.com\/?s={search_term_string}\"},\"query-input\":\"required name=search_term_string\"}],\"inLanguage\":\"es\"},{\"@type\":\"Organization\",\"@id\":\"https:\/\/antoniatrujillopedagoga.com\/#organization\",\"name\":\"Centro Emociones\",\"url\":\"https:\/\/antoniatrujillopedagoga.com\/\",\"logo\":{\"@type\":\"ImageObject\",\"inLanguage\":\"es\",\"@id\":\"https:\/\/antoniatrujillopedagoga.com\/#\/schema\/logo\/image\/\",\"url\":\"https:\/\/antoniatrujillopedagoga.com\/wp-content\/uploads\/2024\/05\/logo-blanco-cabecera.png\",\"contentUrl\":\"https:\/\/antoniatrujillopedagoga.com\/wp-content\/uploads\/2024\/05\/logo-blanco-cabecera.png\",\"width\":221,\"height\":35,\"caption\":\"Centro Emociones\"},\"image\":{\"@id\":\"https:\/\/antoniatrujillopedagoga.com\/#\/schema\/logo\/image\/\"}}]}<\/script>\n<!-- \/ Yoast SEO plugin. -->","yoast_head_json":{"title":"Pol\u00edtica de privacidad - Centro Emociones","robots":{"index":"index","follow":"follow","max-snippet":"max-snippet:-1","max-image-preview":"max-image-preview:large","max-video-preview":"max-video-preview:-1"},"canonical":"https:\/\/antoniatrujillopedagoga.com\/index.php\/politica-de-privacidad\/","og_locale":"es_ES","og_type":"article","og_title":"Pol\u00edtica de privacidad - Centro Emociones","og_description":"Pol\u00edtica de protecci\u00f3n de datos.Las categor\u00edas de datos personales que Ikasbila S.Coop.P. trata sobre sus clientes y proveedores son: \u00bfQui\u00e9n es el Responsable de tratamiento de sus datos?El responsable de los tratamientos de datos referentes a los distintos procesos con respecto la gesti\u00f3n de personal es Ikasbila S.Coop.P. , con domicilio social en C\/ Castor&hellip;","og_url":"https:\/\/antoniatrujillopedagoga.com\/index.php\/politica-de-privacidad\/","og_site_name":"Centro Emociones","article_modified_time":"2024-07-10T16:17:35+00:00","twitter_card":"summary_large_image","twitter_misc":{"Tiempo de lectura":"12 minutos"},"schema":{"@context":"https:\/\/schema.org","@graph":[{"@type":"WebPage","@id":"https:\/\/antoniatrujillopedagoga.com\/index.php\/politica-de-privacidad\/","url":"https:\/\/antoniatrujillopedagoga.com\/index.php\/politica-de-privacidad\/","name":"Pol\u00edtica de privacidad - Centro Emociones","isPartOf":{"@id":"https:\/\/antoniatrujillopedagoga.com\/#website"},"datePublished":"2024-07-10T15:57:01+00:00","dateModified":"2024-07-10T16:17:35+00:00","breadcrumb":{"@id":"https:\/\/antoniatrujillopedagoga.com\/index.php\/politica-de-privacidad\/#breadcrumb"},"inLanguage":"es","potentialAction":[{"@type":"ReadAction","target":["https:\/\/antoniatrujillopedagoga.com\/index.php\/politica-de-privacidad\/"]}]},{"@type":"BreadcrumbList","@id":"https:\/\/antoniatrujillopedagoga.com\/index.php\/politica-de-privacidad\/#breadcrumb","itemListElement":[{"@type":"ListItem","position":1,"name":"Portada","item":"https:\/\/antoniatrujillopedagoga.com\/"},{"@type":"ListItem","position":2,"name":"Pol\u00edtica de privacidad"}]},{"@type":"WebSite","@id":"https:\/\/antoniatrujillopedagoga.com\/#website","url":"https:\/\/antoniatrujillopedagoga.com\/","name":"Centro Emociones","description":"","publisher":{"@id":"https:\/\/antoniatrujillopedagoga.com\/#organization"},"potentialAction":[{"@type":"SearchAction","target":{"@type":"EntryPoint","urlTemplate":"https:\/\/antoniatrujillopedagoga.com\/?s={search_term_string}"},"query-input":"required name=search_term_string"}],"inLanguage":"es"},{"@type":"Organization","@id":"https:\/\/antoniatrujillopedagoga.com\/#organization","name":"Centro Emociones","url":"https:\/\/antoniatrujillopedagoga.com\/","logo":{"@type":"ImageObject","inLanguage":"es","@id":"https:\/\/antoniatrujillopedagoga.com\/#\/schema\/logo\/image\/","url":"https:\/\/antoniatrujillopedagoga.com\/wp-content\/uploads\/2024\/05\/logo-blanco-cabecera.png","contentUrl":"https:\/\/antoniatrujillopedagoga.com\/wp-content\/uploads\/2024\/05\/logo-blanco-cabecera.png","width":221,"height":35,"caption":"Centro Emociones"},"image":{"@id":"https:\/\/antoniatrujillopedagoga.com\/#\/schema\/logo\/image\/"}}]}},"_links":{"self":[{"href":"https:\/\/antoniatrujillopedagoga.com\/index.php\/wp-json\/wp\/v2\/pages\/3517","targetHints":{"allow":["GET"]}}],"collection":[{"href":"https:\/\/antoniatrujillopedagoga.com\/index.php\/wp-json\/wp\/v2\/pages"}],"about":[{"href":"https:\/\/antoniatrujillopedagoga.com\/index.php\/wp-json\/wp\/v2\/types\/page"}],"author":[{"embeddable":true,"href":"https:\/\/antoniatrujillopedagoga.com\/index.php\/wp-json\/wp\/v2\/users\/2"}],"replies":[{"embeddable":true,"href":"https:\/\/antoniatrujillopedagoga.com\/index.php\/wp-json\/wp\/v2\/comments?post=3517"}],"version-history":[{"count":4,"href":"https:\/\/antoniatrujillopedagoga.com\/index.php\/wp-json\/wp\/v2\/pages\/3517\/revisions"}],"predecessor-version":[{"id":3549,"href":"https:\/\/antoniatrujillopedagoga.com\/index.php\/wp-json\/wp\/v2\/pages\/3517\/revisions\/3549"}],"wp:attachment":[{"href":"https:\/\/antoniatrujillopedagoga.com\/index.php\/wp-json\/wp\/v2\/media?parent=3517"}],"curies":[{"name":"wp","href":"https:\/\/api.w.org\/{rel}","templated":true}]}}