{"id":2500,"date":"2023-12-07T13:11:01","date_gmt":"2023-12-07T13:11:01","guid":{"rendered":"https:\/\/the7.io\/elementor-product\/?page_id=2500"},"modified":"2024-07-15T14:32:54","modified_gmt":"2024-07-15T14:32:54","slug":"sobre-mi","status":"publish","type":"page","link":"https:\/\/antoniatrujillopedagoga.com\/index.php\/sobre-mi\/","title":{"rendered":"Sobre m\u00ed"},"content":{"rendered":"\t\t<div data-elementor-type=\"wp-page\" data-elementor-id=\"2500\" class=\"elementor elementor-2500\" data-elementor-post-type=\"page\">\n\t\t\t\t<div class=\"elementor-element elementor-element-0d545ff e-con-full e-flex elementor-invisible e-con e-parent\" data-id=\"0d545ff\" data-element_type=\"container\" data-settings=\"{&quot;animation&quot;:&quot;fadeIn&quot;,&quot;background_background&quot;:&quot;classic&quot;}\">\n\t\t<div class=\"elementor-element elementor-element-8ef336e e-con-full e-flex e-con e-child\" data-id=\"8ef336e\" data-element_type=\"container\">\n\t\t\t\t<\/div>\n\t\t\t\t<\/div>\n\t\t<div class=\"elementor-element elementor-element-00d532c e-con-full e-flex elementor-invisible e-con e-parent\" data-id=\"00d532c\" data-element_type=\"container\" data-settings=\"{&quot;animation&quot;:&quot;fadeIn&quot;}\">\n\t\t<div class=\"elementor-element elementor-element-8358e7f e-con-full e-flex e-con e-child\" data-id=\"8358e7f\" data-element_type=\"container\">\n\t\t\t\t<div class=\"elementor-element elementor-element-4ceb1b9 elementor-widget__width-inherit content-align-center preserve-img-ratio-contain the7-hover-visibility-disabled transform-overlay-yes exceeding-frame-yes elementor-widget elementor-widget-the7-image-widget\" data-id=\"4ceb1b9\" data-element_type=\"widget\" data-settings=\"{&quot;hover_visibility&quot;:&quot;disabled&quot;}\" data-widget_type=\"the7-image-widget.default\">\n\t\t\t\t<div class=\"elementor-widget-container\">\n\t\t\t<div class=\"the7-image-container\"><div class=\"the7-image-wrapper the7-elementor-widget the7-transform-container\"><div class=\"post-thumbnail-rollover layzr-bg img-css-resize-wrapper\"><img fetchpriority=\"high\" decoding=\"async\" width=\"525\" height=\"700\" src=\"data:image\/svg+xml,%3Csvg%20xmlns%3D&#039;http%3A%2F%2Fwww.w3.org%2F2000%2Fsvg&#039;%20viewBox%3D&#039;0%200%20525%20700&#039;%2F%3E\" class=\"attachment-full size-full preload-me aspect lazy lazy-load\" alt=\"Pedagoga Antonia Trujillo. Centro Emociones en Conil de la Frontera\" sizes=\"(max-width: 525px) 100vw, 525px\" style=\"--ratio: 525 \/ 700;\" data-src=\"https:\/\/antoniatrujillopedagoga.com\/wp-content\/uploads\/2024\/07\/sobremi.jpg\" loading=\"eager\" data-srcset=\"https:\/\/antoniatrujillopedagoga.com\/wp-content\/uploads\/2024\/07\/sobremi.jpg 525w, https:\/\/antoniatrujillopedagoga.com\/wp-content\/uploads\/2024\/07\/sobremi-225x300.jpg 225w\" \/><\/div><\/div><\/div>\t\t<\/div>\n\t\t\t\t<\/div>\n\t\t\t\t<\/div>\n\t\t<div class=\"elementor-element elementor-element-fcb2306 e-con-full e-flex e-con e-child\" data-id=\"fcb2306\" data-element_type=\"container\">\n\t\t\t\t<div class=\"elementor-element elementor-element-686eebb elementor-widget elementor-widget-the7-heading\" data-id=\"686eebb\" data-element_type=\"widget\" data-widget_type=\"the7-heading.default\">\n\t\t\t\t<div class=\"elementor-widget-container\">\n\t\t\t<h4 class=\"the7-heading-title elementor-size-default\">Sobre m\u00ed<\/h4>\t\t<\/div>\n\t\t\t\t<\/div>\n\t\t\t\t<div class=\"elementor-element elementor-element-70294af elementor-widget elementor-widget-text-editor\" data-id=\"70294af\" data-element_type=\"widget\" data-widget_type=\"text-editor.default\">\n\t\t\t\t<div class=\"elementor-widget-container\">\n\t\t\t\t\t\t\t<p><strong>Antonia Trujillo Moreno. <\/strong><br \/>Es pedagoga, Coach Educativo, y Experta en Inteligencia Emocional.<\/p><p>Adem\u00e1s de mam\u00e1 y Gerente del <strong>Centro Emociones<\/strong>, Centro de divulgaci\u00f3n emocional. Desde octubre de 2021 en Conil de la Frontera, C\u00e1diz.<\/p><p>Antonia Trujillo, se caracteriza por su esfuerzo constante para mejorar sus habilidades y conocimientos acerca de la Educaci\u00f3n. Es una persona entusiasta, predispuesta, perseverante en el logro de sus objetivos, de esp\u00edritu cr\u00edtico y en general, cuenta con una actitud creativa.<\/p><p>Desde que se gradu\u00f3 en Pedagog\u00eda por la Universidad de Salamanca, no ha parado de formarse, hizo un M\u00e1ster de Coaching Educativo en ISEP, Instituto Superior de Estudios Psicol\u00f3gicos en Madrid y al mismo tiempo curs\u00f3 el Experto en Inteligencia Emocional por Emotiva CPC, Centro para el cambio. Estudios que le impulsaron a desarrollar su esp\u00edritu emprendedor.<\/p><p>Son pasiones profesionales: la Pedagog\u00eda, el Coaching y la Inteligencia Emocional.<\/p>\t\t\t\t\t\t<\/div>\n\t\t\t\t<\/div>\n\t\t\t\t<\/div>\n\t\t\t\t<\/div>\n\t\t<div class=\"elementor-element elementor-element-04203fd e-con-full e-flex elementor-invisible e-con e-parent\" data-id=\"04203fd\" data-element_type=\"container\" data-settings=\"{&quot;animation&quot;:&quot;fadeIn&quot;}\">\n\t\t<div class=\"elementor-element elementor-element-72d2f32 e-con-full e-flex e-con e-child\" data-id=\"72d2f32\" data-element_type=\"container\">\n\t\t\t\t<div class=\"elementor-element elementor-element-88ee368 elementor-widget elementor-widget-text-editor\" data-id=\"88ee368\" data-element_type=\"widget\" data-widget_type=\"text-editor.default\">\n\t\t\t\t<div class=\"elementor-widget-container\">\n\t\t\t\t\t\t\t<p>Ya en Salamanca ejerci\u00f3 su funci\u00f3n como pedagoga en ASADE, Asociaci\u00f3n Salmantina de Equinoterapia, donde llev\u00f3 a cabo tareas de integraci\u00f3n y socializaci\u00f3n en ni\u00f1os que sufren discapacidad f\u00edsica y\/o ps\u00edquica, o alg\u00fan tipo de trastorno del comportamiento. All\u00ed llev\u00f3 a cabo programaciones educativas ajustadas a cada perfil y pudo trabajar las emociones y las Habilidades Sociales con ni\u00f1os con discapacidad ps\u00edquica y\/o f\u00edsica (TEA, TDAH, S\u00edndrome de Down, enfermedades raras, entre otras). Y realiz\u00f3 varios cursos, como el de evaluaci\u00f3n e intervenci\u00f3n en TDAH, Trastorno por D\u00e9ficit de Atenci\u00f3n e Hiperactividad en Psynglar Familia,Centro de atenci\u00f3n integral a la familia.<\/p><p>\u00a0<\/p>\t\t\t\t\t\t<\/div>\n\t\t\t\t<\/div>\n\t\t\t\t<\/div>\n\t\t<div class=\"elementor-element elementor-element-3f013fd e-con-full e-flex e-con e-child\" data-id=\"3f013fd\" data-element_type=\"container\">\n\t\t\t\t<div class=\"elementor-element elementor-element-51d50a4 elementor-widget__width-inherit content-align-center the7-hover-visibility-disabled preserve-img-ratio-cover transform-overlay-yes exceeding-frame-yes elementor-widget elementor-widget-the7-image-widget\" data-id=\"51d50a4\" data-element_type=\"widget\" data-settings=\"{&quot;hover_visibility&quot;:&quot;disabled&quot;}\" data-widget_type=\"the7-image-widget.default\">\n\t\t\t\t<div class=\"elementor-widget-container\">\n\t\t\t<div class=\"the7-image-container\"><div class=\"the7-image-wrapper the7-elementor-widget the7-transform-container\"><div class=\"post-thumbnail-rollover layzr-bg img-css-resize-wrapper\"><img decoding=\"async\" width=\"688\" height=\"468\" src=\"data:image\/svg+xml,%3Csvg%20xmlns%3D&#039;http%3A%2F%2Fwww.w3.org%2F2000%2Fsvg&#039;%20viewBox%3D&#039;0%200%20688%20468&#039;%2F%3E\" class=\"attachment-full size-full preload-me aspect lazy lazy-load\" alt=\"Pedagoga Antonia Trujillo leyendo la siguiente frase en su ordenador: Dale sentido a tu vida, descubre lo que hay dentro de ti.\" sizes=\"(max-width: 688px) 100vw, 688px\" style=\"--ratio: 688 \/ 468;\" data-src=\"https:\/\/antoniatrujillopedagoga.com\/wp-content\/uploads\/2024\/07\/sobremi-2.jpg\" loading=\"eager\" data-srcset=\"https:\/\/antoniatrujillopedagoga.com\/wp-content\/uploads\/2024\/07\/sobremi-2.jpg 688w, https:\/\/antoniatrujillopedagoga.com\/wp-content\/uploads\/2024\/07\/sobremi-2-300x204.jpg 300w\" \/><\/div><\/div><\/div>\t\t<\/div>\n\t\t\t\t<\/div>\n\t\t\t\t<\/div>\n\t\t\t\t<\/div>\n\t\t<div class=\"elementor-element elementor-element-5e48ef7 e-con-full e-flex elementor-invisible e-con e-parent\" data-id=\"5e48ef7\" data-element_type=\"container\" data-settings=\"{&quot;animation&quot;:&quot;fadeIn&quot;}\">\n\t\t<div class=\"elementor-element elementor-element-5e3f1c4 e-con-full e-flex e-con e-child\" data-id=\"5e3f1c4\" data-element_type=\"container\">\n\t\t\t\t<div class=\"elementor-element elementor-element-035369e elementor-widget elementor-widget-image\" data-id=\"035369e\" data-element_type=\"widget\" data-widget_type=\"image.default\">\n\t\t\t\t<div class=\"elementor-widget-container\">\n\t\t\t\t\t\t\t\t\t\t\t\t\t<img decoding=\"async\" width=\"820\" height=\"390\" src=\"https:\/\/antoniatrujillopedagoga.com\/wp-content\/uploads\/2024\/07\/centro-2.jpg\" class=\"attachment-large size-large wp-image-3447\" alt=\"Cajas con l\u00e1pices de colores usados en los talleres del Centro Emociones, de la pedagoga Antonia Trujillo\" srcset=\"https:\/\/antoniatrujillopedagoga.com\/wp-content\/uploads\/2024\/07\/centro-2.jpg 820w, https:\/\/antoniatrujillopedagoga.com\/wp-content\/uploads\/2024\/07\/centro-2-300x143.jpg 300w, https:\/\/antoniatrujillopedagoga.com\/wp-content\/uploads\/2024\/07\/centro-2-768x365.jpg 768w\" sizes=\"(max-width: 820px) 100vw, 820px\" \/>\t\t\t\t\t\t\t\t\t\t\t\t\t<\/div>\n\t\t\t\t<\/div>\n\t\t\t\t<\/div>\n\t\t<div class=\"elementor-element elementor-element-a288339 e-con-full e-flex e-con e-child\" data-id=\"a288339\" data-element_type=\"container\">\n\t\t\t\t<div class=\"elementor-element elementor-element-df290e4 elementor-widget elementor-widget-text-editor\" data-id=\"df290e4\" data-element_type=\"widget\" data-widget_type=\"text-editor.default\">\n\t\t\t\t<div class=\"elementor-widget-container\">\n\t\t\t\t\t\t\t<p>Tras ser mam\u00e1, y antes de abrir su propio Centro pedag\u00f3gico, estuvo en varios centros educativos de Madrid, como Coordinadora de extraescolares. Y una vez que volvi\u00f3 a su lugar de origen, Conil, trabaj\u00f3 de monitora en una Escuela de verano y en un Centro de Atenci\u00f3n Psicopedag\u00f3gica.<\/p><p>En <strong>Emociones<\/strong>, trabaja el crecimiento personal en ni\u00f1os y adultos y la gesti\u00f3n emocional. Todo ello, desde su propia experiencia y conocimientos. Adem\u00e1s, desarrolla Talleres educativos a los escolares de infantil, primaria y secundaria, haciendo colaboraciones con otros profesionales de la Educaci\u00f3n y de la Salud.<\/p>\t\t\t\t\t\t<\/div>\n\t\t\t\t<\/div>\n\t\t\t\t<\/div>\n\t\t\t\t<\/div>\n\t\t<div class=\"elementor-element elementor-element-0b2e004 e-flex e-con-boxed e-con e-parent\" data-id=\"0b2e004\" data-element_type=\"container\">\n\t\t\t\t\t<div class=\"e-con-inner\">\n\t\t\t\t<div class=\"elementor-element elementor-element-420ec5e elementor-align-center elementor-widget elementor-widget-button\" data-id=\"420ec5e\" data-element_type=\"widget\" data-widget_type=\"button.default\">\n\t\t\t\t<div class=\"elementor-widget-container\">\n\t\t\t\t\t<div class=\"elementor-button-wrapper\">\n\t\t\t<a class=\"elementor-button elementor-button-link elementor-size-sm\" href=\"https:\/\/antoniatrujillopedagoga.com\/index.php\/servicios\/\">\n\t\t\t\t\t\t<span class=\"elementor-button-content-wrapper\">\n\t\t\t\t\t\t<span class=\"elementor-button-icon elementor-align-icon-left\">\n\t\t\t\t<svg aria-hidden=\"true\" class=\"e-font-icon-svg e-far-heart\" viewBox=\"0 0 512 512\" xmlns=\"http:\/\/www.w3.org\/2000\/svg\"><path d=\"M458.4 64.3C400.6 15.7 311.3 23 256 79.3 200.7 23 111.4 15.6 53.6 64.3-21.6 127.6-10.6 230.8 43 285.5l175.4 178.7c10 10.2 23.4 15.9 37.6 15.9 14.3 0 27.6-5.6 37.6-15.8L469 285.6c53.5-54.7 64.7-157.9-10.6-221.3zm-23.6 187.5L259.4 430.5c-2.4 2.4-4.4 2.4-6.8 0L77.2 251.8c-36.5-37.2-43.9-107.6 7.3-150.7 38.9-32.7 98.9-27.8 136.5 10.5l35 35.7 35-35.7c37.8-38.5 97.8-43.2 136.5-10.6 51.1 43.1 43.5 113.9 7.3 150.8z\"><\/path><\/svg>\t\t\t<\/span>\n\t\t\t\t\t\t\t\t\t<span class=\"elementor-button-text\">QU\u00c9 PUEDO HACER POR TI<\/span>\n\t\t\t\t\t<\/span>\n\t\t\t\t\t<\/a>\n\t\t<\/div>\n\t\t\t\t<\/div>\n\t\t\t\t<\/div>\n\t\t\t\t\t<\/div>\n\t\t\t\t<\/div>\n\t\t\t\t<\/div>\n\t\t","protected":false},"excerpt":{"rendered":"<p>Sobre m\u00ed Antonia Trujillo Moreno. Es pedagoga, Coach Educativo, y Experta en Inteligencia Emocional. Adem\u00e1s de mam\u00e1 y Gerente del Centro Emociones, Centro de divulgaci\u00f3n emocional. Desde octubre de 2021 en Conil de la Frontera, C\u00e1diz. Antonia Trujillo, se caracteriza por su esfuerzo constante para mejorar sus habilidades y conocimientos acerca de la Educaci\u00f3n. Es&hellip;<\/p>\n","protected":false},"author":2,"featured_media":0,"parent":0,"menu_order":30,"comment_status":"closed","ping_status":"closed","template":"elementor_header_footer","meta":{"footnotes":""},"class_list":["post-2500","page","type-page","status-publish","hentry"],"yoast_head":"<!-- This site is optimized with the Yoast SEO plugin v23.0 - https:\/\/yoast.com\/wordpress\/plugins\/seo\/ -->\n<title>Sobre m\u00ed - Centro Emociones<\/title>\n<meta name=\"robots\" content=\"index, follow, max-snippet:-1, max-image-preview:large, max-video-preview:-1\" \/>\n<link rel=\"canonical\" href=\"https:\/\/antoniatrujillopedagoga.com\/index.php\/sobre-mi\/\" \/>\n<meta property=\"og:locale\" content=\"es_ES\" \/>\n<meta property=\"og:type\" content=\"article\" \/>\n<meta property=\"og:title\" content=\"Sobre m\u00ed - Centro Emociones\" \/>\n<meta property=\"og:description\" content=\"Sobre m\u00ed Antonia Trujillo Moreno. Es pedagoga, Coach Educativo, y Experta en Inteligencia Emocional. Adem\u00e1s de mam\u00e1 y Gerente del Centro Emociones, Centro de divulgaci\u00f3n emocional. Desde octubre de 2021 en Conil de la Frontera, C\u00e1diz. Antonia Trujillo, se caracteriza por su esfuerzo constante para mejorar sus habilidades y conocimientos acerca de la Educaci\u00f3n. Es&hellip;\" \/>\n<meta property=\"og:url\" content=\"https:\/\/antoniatrujillopedagoga.com\/index.php\/sobre-mi\/\" \/>\n<meta property=\"og:site_name\" content=\"Centro Emociones\" \/>\n<meta property=\"article:modified_time\" content=\"2024-07-15T14:32:54+00:00\" \/>\n<meta property=\"og:image\" content=\"https:\/\/antoniatrujillopedagoga.com\/wp-content\/uploads\/2024\/07\/centro-2.jpg\" \/>\n<meta name=\"twitter:card\" content=\"summary_large_image\" \/>\n<meta name=\"twitter:label1\" content=\"Tiempo de lectura\" \/>\n\t<meta name=\"twitter:data1\" content=\"2 minutos\" \/>\n<script type=\"application\/ld+json\" class=\"yoast-schema-graph\">{\"@context\":\"https:\/\/schema.org\",\"@graph\":[{\"@type\":\"WebPage\",\"@id\":\"https:\/\/antoniatrujillopedagoga.com\/index.php\/sobre-mi\/\",\"url\":\"https:\/\/antoniatrujillopedagoga.com\/index.php\/sobre-mi\/\",\"name\":\"Sobre m\u00ed - Centro Emociones\",\"isPartOf\":{\"@id\":\"https:\/\/antoniatrujillopedagoga.com\/#website\"},\"primaryImageOfPage\":{\"@id\":\"https:\/\/antoniatrujillopedagoga.com\/index.php\/sobre-mi\/#primaryimage\"},\"image\":{\"@id\":\"https:\/\/antoniatrujillopedagoga.com\/index.php\/sobre-mi\/#primaryimage\"},\"thumbnailUrl\":\"https:\/\/antoniatrujillopedagoga.com\/wp-content\/uploads\/2024\/07\/centro-2.jpg\",\"datePublished\":\"2023-12-07T13:11:01+00:00\",\"dateModified\":\"2024-07-15T14:32:54+00:00\",\"breadcrumb\":{\"@id\":\"https:\/\/antoniatrujillopedagoga.com\/index.php\/sobre-mi\/#breadcrumb\"},\"inLanguage\":\"es\",\"potentialAction\":[{\"@type\":\"ReadAction\",\"target\":[\"https:\/\/antoniatrujillopedagoga.com\/index.php\/sobre-mi\/\"]}]},{\"@type\":\"ImageObject\",\"inLanguage\":\"es\",\"@id\":\"https:\/\/antoniatrujillopedagoga.com\/index.php\/sobre-mi\/#primaryimage\",\"url\":\"https:\/\/antoniatrujillopedagoga.com\/wp-content\/uploads\/2024\/07\/centro-2.jpg\",\"contentUrl\":\"https:\/\/antoniatrujillopedagoga.com\/wp-content\/uploads\/2024\/07\/centro-2.jpg\",\"width\":820,\"height\":390,\"caption\":\"Cajas con l\u00e1pices de colores usados en los talleres del Centro Emociones, de la pedagoga Antonia Trujillo\"},{\"@type\":\"BreadcrumbList\",\"@id\":\"https:\/\/antoniatrujillopedagoga.com\/index.php\/sobre-mi\/#breadcrumb\",\"itemListElement\":[{\"@type\":\"ListItem\",\"position\":1,\"name\":\"Portada\",\"item\":\"https:\/\/antoniatrujillopedagoga.com\/\"},{\"@type\":\"ListItem\",\"position\":2,\"name\":\"Sobre m\u00ed\"}]},{\"@type\":\"WebSite\",\"@id\":\"https:\/\/antoniatrujillopedagoga.com\/#website\",\"url\":\"https:\/\/antoniatrujillopedagoga.com\/\",\"name\":\"Centro Emociones\",\"description\":\"\",\"publisher\":{\"@id\":\"https:\/\/antoniatrujillopedagoga.com\/#organization\"},\"potentialAction\":[{\"@type\":\"SearchAction\",\"target\":{\"@type\":\"EntryPoint\",\"urlTemplate\":\"https:\/\/antoniatrujillopedagoga.com\/?s={search_term_string}\"},\"query-input\":\"required name=search_term_string\"}],\"inLanguage\":\"es\"},{\"@type\":\"Organization\",\"@id\":\"https:\/\/antoniatrujillopedagoga.com\/#organization\",\"name\":\"Centro Emociones\",\"url\":\"https:\/\/antoniatrujillopedagoga.com\/\",\"logo\":{\"@type\":\"ImageObject\",\"inLanguage\":\"es\",\"@id\":\"https:\/\/antoniatrujillopedagoga.com\/#\/schema\/logo\/image\/\",\"url\":\"https:\/\/antoniatrujillopedagoga.com\/wp-content\/uploads\/2024\/05\/logo-blanco-cabecera.png\",\"contentUrl\":\"https:\/\/antoniatrujillopedagoga.com\/wp-content\/uploads\/2024\/05\/logo-blanco-cabecera.png\",\"width\":221,\"height\":35,\"caption\":\"Centro Emociones\"},\"image\":{\"@id\":\"https:\/\/antoniatrujillopedagoga.com\/#\/schema\/logo\/image\/\"}}]}<\/script>\n<!-- \/ Yoast SEO plugin. -->","yoast_head_json":{"title":"Sobre m\u00ed - Centro Emociones","robots":{"index":"index","follow":"follow","max-snippet":"max-snippet:-1","max-image-preview":"max-image-preview:large","max-video-preview":"max-video-preview:-1"},"canonical":"https:\/\/antoniatrujillopedagoga.com\/index.php\/sobre-mi\/","og_locale":"es_ES","og_type":"article","og_title":"Sobre m\u00ed - Centro Emociones","og_description":"Sobre m\u00ed Antonia Trujillo Moreno. Es pedagoga, Coach Educativo, y Experta en Inteligencia Emocional. Adem\u00e1s de mam\u00e1 y Gerente del Centro Emociones, Centro de divulgaci\u00f3n emocional. Desde octubre de 2021 en Conil de la Frontera, C\u00e1diz. Antonia Trujillo, se caracteriza por su esfuerzo constante para mejorar sus habilidades y conocimientos acerca de la Educaci\u00f3n. Es&hellip;","og_url":"https:\/\/antoniatrujillopedagoga.com\/index.php\/sobre-mi\/","og_site_name":"Centro Emociones","article_modified_time":"2024-07-15T14:32:54+00:00","og_image":[{"url":"https:\/\/antoniatrujillopedagoga.com\/wp-content\/uploads\/2024\/07\/centro-2.jpg"}],"twitter_card":"summary_large_image","twitter_misc":{"Tiempo de lectura":"2 minutos"},"schema":{"@context":"https:\/\/schema.org","@graph":[{"@type":"WebPage","@id":"https:\/\/antoniatrujillopedagoga.com\/index.php\/sobre-mi\/","url":"https:\/\/antoniatrujillopedagoga.com\/index.php\/sobre-mi\/","name":"Sobre m\u00ed - Centro Emociones","isPartOf":{"@id":"https:\/\/antoniatrujillopedagoga.com\/#website"},"primaryImageOfPage":{"@id":"https:\/\/antoniatrujillopedagoga.com\/index.php\/sobre-mi\/#primaryimage"},"image":{"@id":"https:\/\/antoniatrujillopedagoga.com\/index.php\/sobre-mi\/#primaryimage"},"thumbnailUrl":"https:\/\/antoniatrujillopedagoga.com\/wp-content\/uploads\/2024\/07\/centro-2.jpg","datePublished":"2023-12-07T13:11:01+00:00","dateModified":"2024-07-15T14:32:54+00:00","breadcrumb":{"@id":"https:\/\/antoniatrujillopedagoga.com\/index.php\/sobre-mi\/#breadcrumb"},"inLanguage":"es","potentialAction":[{"@type":"ReadAction","target":["https:\/\/antoniatrujillopedagoga.com\/index.php\/sobre-mi\/"]}]},{"@type":"ImageObject","inLanguage":"es","@id":"https:\/\/antoniatrujillopedagoga.com\/index.php\/sobre-mi\/#primaryimage","url":"https:\/\/antoniatrujillopedagoga.com\/wp-content\/uploads\/2024\/07\/centro-2.jpg","contentUrl":"https:\/\/antoniatrujillopedagoga.com\/wp-content\/uploads\/2024\/07\/centro-2.jpg","width":820,"height":390,"caption":"Cajas con l\u00e1pices de colores usados en los talleres del Centro Emociones, de la pedagoga Antonia Trujillo"},{"@type":"BreadcrumbList","@id":"https:\/\/antoniatrujillopedagoga.com\/index.php\/sobre-mi\/#breadcrumb","itemListElement":[{"@type":"ListItem","position":1,"name":"Portada","item":"https:\/\/antoniatrujillopedagoga.com\/"},{"@type":"ListItem","position":2,"name":"Sobre m\u00ed"}]},{"@type":"WebSite","@id":"https:\/\/antoniatrujillopedagoga.com\/#website","url":"https:\/\/antoniatrujillopedagoga.com\/","name":"Centro Emociones","description":"","publisher":{"@id":"https:\/\/antoniatrujillopedagoga.com\/#organization"},"potentialAction":[{"@type":"SearchAction","target":{"@type":"EntryPoint","urlTemplate":"https:\/\/antoniatrujillopedagoga.com\/?s={search_term_string}"},"query-input":"required name=search_term_string"}],"inLanguage":"es"},{"@type":"Organization","@id":"https:\/\/antoniatrujillopedagoga.com\/#organization","name":"Centro Emociones","url":"https:\/\/antoniatrujillopedagoga.com\/","logo":{"@type":"ImageObject","inLanguage":"es","@id":"https:\/\/antoniatrujillopedagoga.com\/#\/schema\/logo\/image\/","url":"https:\/\/antoniatrujillopedagoga.com\/wp-content\/uploads\/2024\/05\/logo-blanco-cabecera.png","contentUrl":"https:\/\/antoniatrujillopedagoga.com\/wp-content\/uploads\/2024\/05\/logo-blanco-cabecera.png","width":221,"height":35,"caption":"Centro Emociones"},"image":{"@id":"https:\/\/antoniatrujillopedagoga.com\/#\/schema\/logo\/image\/"}}]}},"_links":{"self":[{"href":"https:\/\/antoniatrujillopedagoga.com\/index.php\/wp-json\/wp\/v2\/pages\/2500","targetHints":{"allow":["GET"]}}],"collection":[{"href":"https:\/\/antoniatrujillopedagoga.com\/index.php\/wp-json\/wp\/v2\/pages"}],"about":[{"href":"https:\/\/antoniatrujillopedagoga.com\/index.php\/wp-json\/wp\/v2\/types\/page"}],"author":[{"embeddable":true,"href":"https:\/\/antoniatrujillopedagoga.com\/index.php\/wp-json\/wp\/v2\/users\/2"}],"replies":[{"embeddable":true,"href":"https:\/\/antoniatrujillopedagoga.com\/index.php\/wp-json\/wp\/v2\/comments?post=2500"}],"version-history":[{"count":67,"href":"https:\/\/antoniatrujillopedagoga.com\/index.php\/wp-json\/wp\/v2\/pages\/2500\/revisions"}],"predecessor-version":[{"id":3662,"href":"https:\/\/antoniatrujillopedagoga.com\/index.php\/wp-json\/wp\/v2\/pages\/2500\/revisions\/3662"}],"wp:attachment":[{"href":"https:\/\/antoniatrujillopedagoga.com\/index.php\/wp-json\/wp\/v2\/media?parent=2500"}],"curies":[{"name":"wp","href":"https:\/\/api.w.org\/{rel}","templated":true}]}}